{"id":3977,"date":"2021-12-20T10:18:35","date_gmt":"2021-12-20T10:18:35","guid":{"rendered":"https:\/\/neuro-mark.com\/?page_id=3977"},"modified":"2022-02-02T07:09:44","modified_gmt":"2022-02-02T07:09:44","slug":"why-neuromark-main","status":"publish","type":"page","link":"https:\/\/neuro-mark.com\/en\/why-neuromark-main\/","title":{"rendered":"Academic Articles"},"content":{"rendered":"\t\t<div data-elementor-type=\"wp-page\" data-elementor-id=\"3977\" class=\"elementor elementor-3977\" data-elementor-post-type=\"page\">\n\t\t\t\t\t\t<section class=\"elementor-section elementor-top-section elementor-element elementor-element-f21126c elementor-section-full_width elementor-section-height-min-height elementor-section-height-default elementor-section-items-middle\" data-id=\"f21126c\" data-element_type=\"section\" data-e-type=\"section\" data-settings=\"{&quot;background_background&quot;:&quot;classic&quot;,&quot;background_motion_fx_motion_fx_scrolling&quot;:&quot;yes&quot;,&quot;background_motion_fx_scale_effect&quot;:&quot;yes&quot;,&quot;background_motion_fx_scale_direction&quot;:&quot;out-in&quot;,&quot;background_motion_fx_scale_speed&quot;:{&quot;unit&quot;:&quot;px&quot;,&quot;size&quot;:4,&quot;sizes&quot;:[]},&quot;background_motion_fx_scale_range&quot;:{&quot;unit&quot;:&quot;%&quot;,&quot;size&quot;:&quot;&quot;,&quot;sizes&quot;:{&quot;start&quot;:20,&quot;end&quot;:80}},&quot;background_motion_fx_devices&quot;:[&quot;desktop&quot;,&quot;tablet&quot;,&quot;mobile&quot;]}\">\n\t\t\t\t\t\t\t<div class=\"elementor-background-overlay\"><\/div>\n\t\t\t\t\t\t\t<div class=\"elementor-container elementor-column-gap-default\">\n\t\t\t\t\t<div class=\"elementor-column elementor-col-100 elementor-top-column elementor-element elementor-element-717ae9f\" data-id=\"717ae9f\" data-element_type=\"column\" data-e-type=\"column\">\n\t\t\t<div class=\"elementor-widget-wrap elementor-element-populated\">\n\t\t\t\t\t\t<div class=\"elementor-element elementor-element-0ad2af1 elementor-widget elementor-widget-heading\" data-id=\"0ad2af1\" data-element_type=\"widget\" data-e-type=\"widget\" data-widget_type=\"heading.default\">\n\t\t\t\t<div class=\"elementor-widget-container\">\n\t\t\t\t\t<h2 class=\"elementor-heading-title elementor-size-default\">Academic Articles<\/h2>\t\t\t\t<\/div>\n\t\t\t\t<\/div>\n\t\t\t\t\t<\/div>\n\t\t<\/div>\n\t\t\t\t\t<\/div>\n\t\t<\/section>\n\t\t\t\t<section class=\"elementor-section elementor-top-section elementor-element elementor-element-59c3f6b elementor-section-height-min-height elementor-section-boxed elementor-section-height-default elementor-section-items-middle\" data-id=\"59c3f6b\" data-element_type=\"section\" data-e-type=\"section\">\n\t\t\t\t\t\t<div class=\"elementor-container elementor-column-gap-default\">\n\t\t\t\t\t<div class=\"elementor-column elementor-col-100 elementor-top-column elementor-element elementor-element-a04b89e\" data-id=\"a04b89e\" data-element_type=\"column\" data-e-type=\"column\">\n\t\t\t<div class=\"elementor-widget-wrap elementor-element-populated\">\n\t\t\t\t\t\t<div class=\"elementor-element elementor-element-d675085 elementor-widget elementor-widget-heading\" data-id=\"d675085\" data-element_type=\"widget\" data-e-type=\"widget\" data-widget_type=\"heading.default\">\n\t\t\t\t<div class=\"elementor-widget-container\">\n\t\t\t\t\t<h2 class=\"elementor-heading-title elementor-size-default\">Academic Articles<\/h2>\t\t\t\t<\/div>\n\t\t\t\t<\/div>\n\t\t\t\t<div class=\"elementor-element elementor-element-55c7ba4 elementor-widget elementor-widget-text-editor\" data-id=\"55c7ba4\" data-element_type=\"widget\" data-e-type=\"widget\" data-widget_type=\"text-editor.default\">\n\t\t\t\t<div class=\"elementor-widget-container\">\n\t\t\t\t\t\t\t\t\t<p>1-Duru, A. D. , Aydemir, B., Sukuti M., Akbulut, H., \u015euataman, K., G\u00fcney, S., et.al,(2019).\u201dA Convolutional Neural Network Model for the Identification of the<br>Instantaneousphysiological State Using Camera Images . Humans in Space IAA HIS 2019<\/p>\n<p>2-Aydemir B., Akbulut, H., Sukuti, M., \u00c7evik, A., Duru, A. D. , &amp; \u00c7otuk, H. B. , (2018). Remote assessment of heart rate and its fluctuations by smartphone camera . 2018 Electric Electronics, Computer Science, Biomedical Engineerings\u2019 Meeting (EBBT), \u0130stanbul,<br>Turkey<\/p>\n<p>3-Duru, D. G. , &amp; DURU, A. D. , (2016). Investigation of Electrophysiological Features During Mental Workload Paradigm . 24th Signal Processing and Communication Application Conference (SIU) (pp.2201-2204). Zonguldak, Turkey<\/p>\n<p>4-Do\u011fruyol Ba\u015far, M., Duru, A. D. , &amp; Akan, A., (2019). Emotional state detection based on common spatial patterns of EEG. Signal Image And Video Processing , 1-9.<\/p>\n<p>5-Mete, S., \u00c7ak\u0131r, O., Bayat, O., G\u00f6ksel Duru, D., &amp; Duru, A. D. , (2020). G\u00f6zbebe\u011fi hareketleri temelli duygu durumu s\u0131n\u0131fland\u0131r\u0131lmas\u0131. Bili\u015fim Teknolojileri Dergisi , vol.13, 137-144.<\/p>\n<p>6-Ko\u00e7, E., Bayat, O., G\u00f6ksel Duru, D., &amp; Duru, A. D. , (2020). G\u00f6z Hareketlerine Dayal\u0131 Beyin Bilgisayar Aray\u00fcz\u00fc Tasar\u0131m\u0131. Uluslararas\u0131 M\u00fchendislik Ara\u015ft\u0131rma ve Geli\u015ftirme Dergisi , vol.12, 176-188.<\/p>\n<p>7- G\u00fcney, S., \u015eenyer \u00d6zg\u00f6r, S., \u00d6zg\u00f6r, C., &amp; Duru, A. D. , (2018). \u00c7al\u0131\u015fma Belle\u011fine Ait O\u0130P Temelli Elektrofizyolojik Bulgular\u0131n \u0130ncelenmesi. euroasian research in sport science , vol.3, 106-115<\/p>\n<p>8-&nbsp;Ale Smidts &amp; Ming Hsu &amp; Alan G. Sanfey &amp; Maarten A. S. Boksem &amp;<br>Richard B. Ebstein &amp; Scott A. Huettel &amp; Joe W. Kable &amp;<br>Uma R. Karmarkar &amp; Shinobu Kitayama &amp; Brian Knutson &amp; Israel Liberzon &amp; Terry Lohrenz &amp; Mirre Stallen &amp; Carolyn Yoon, (2014).&nbsp;Advancing consumer neuroscience<\/p>\n<p>9-&nbsp;Adil Deniz Duru, Moataz Assem, (2017).&nbsp;Investigating neural efficiency of elite karate athletes during a mental\narithmetic task using EEG<\/p>\t\t\t\t\t\t\t\t<\/div>\n\t\t\t\t<\/div>\n\t\t\t\t\t<\/div>\n\t\t<\/div>\n\t\t\t\t\t<\/div>\n\t\t<\/section>\n\t\t\t\t<\/div>\n\t\t","protected":false},"excerpt":{"rendered":"<p>Academic Articles Academic Articles 1-Duru, A. D. , Aydemir, B., Sukuti M., Akbulut, H., \u015euataman, K., G\u00fcney, S., et.al,(2019).\u201dA Convolutional Neural Network Model for the Identification of theInstantaneousphysiological State Using Camera Images . Humans in Space IAA HIS 2019 2-Aydemir B., Akbulut, H., Sukuti, M., \u00c7evik, A., Duru, A. D. , &amp; \u00c7otuk, H. B. &hellip; <\/p>\n<p class=\"link-more\"><a href=\"https:\/\/neuro-mark.com\/en\/why-neuromark-main\/\" class=\"more-link\">Continue reading<span class=\"screen-reader-text\"> &#8220;Academic Articles&#8221;<\/span><\/a><\/p>\n","protected":false},"author":1,"featured_media":0,"parent":0,"menu_order":0,"comment_status":"closed","ping_status":"closed","template":"elementor_header_footer","meta":{"footnotes":""},"class_list":["post-3977","page","type-page","status-publish","hentry"],"yoast_head":"<!-- This site is optimized with the Yoast SEO plugin v27.4 - https:\/\/yoast.com\/product\/yoast-seo-wordpress\/ -->\n<title>Academic Articles - NeuroMark - N\u00f6ropazarlama y\u00f6nteminin en do\u011fru ara\u00e7lar\u0131n\u0131 kullan\u0131p, bilimsel ve somut \u00f6neriler sunarak \u201cT\u00fcketicinizin Karma\u015f\u0131k D\u00fcnyas\u0131n\u0131\u201d sizler i\u00e7in anla\u015f\u0131l\u0131r hale getiriyoruz.<\/title>\n<meta name=\"description\" content=\"T\u00fcrkiye\u2019de sadece NeuroMark; EMONET ve O\u0130P (Olaya \u0130li\u015fkin Potansiyeller) gibi n\u00f6ropazarlama y\u00f6ntemleriyle, duygular\u0131 ve beyin dalgalar\u0131n\u0131 \u00f6l\u00e7\u00fcml\u00fcyor.\" \/>\n<meta name=\"robots\" content=\"index, follow, max-snippet:-1, max-image-preview:large, max-video-preview:-1\" \/>\n<link rel=\"canonical\" href=\"https:\/\/neuro-mark.com\/en\/why-neuromark-main\/\" \/>\n<meta property=\"og:locale\" content=\"en_US\" \/>\n<meta property=\"og:type\" content=\"article\" \/>\n<meta property=\"og:title\" content=\"Academic Articles - NeuroMark - N\u00f6ropazarlama y\u00f6nteminin en do\u011fru ara\u00e7lar\u0131n\u0131 kullan\u0131p, bilimsel ve somut \u00f6neriler sunarak \u201cT\u00fcketicinizin Karma\u015f\u0131k D\u00fcnyas\u0131n\u0131\u201d sizler i\u00e7in anla\u015f\u0131l\u0131r hale getiriyoruz.\" \/>\n<meta property=\"og:description\" content=\"T\u00fcrkiye\u2019de sadece NeuroMark; EMONET ve O\u0130P (Olaya \u0130li\u015fkin Potansiyeller) gibi n\u00f6ropazarlama y\u00f6ntemleriyle, duygular\u0131 ve beyin dalgalar\u0131n\u0131 \u00f6l\u00e7\u00fcml\u00fcyor.\" \/>\n<meta property=\"og:url\" content=\"https:\/\/neuro-mark.com\/en\/why-neuromark-main\/\" \/>\n<meta property=\"og:site_name\" content=\"NeuroMark\" \/>\n<meta property=\"article:modified_time\" content=\"2022-02-02T07:09:44+00:00\" \/>\n<meta name=\"twitter:card\" content=\"summary_large_image\" \/>\n<meta name=\"twitter:label1\" content=\"Est. reading time\" \/>\n\t<meta name=\"twitter:data1\" content=\"2 minutes\" \/>\n<script type=\"application\/ld+json\" class=\"yoast-schema-graph\">{\"@context\":\"https:\\\/\\\/schema.org\",\"@graph\":[{\"@type\":\"WebPage\",\"@id\":\"https:\\\/\\\/neuro-mark.com\\\/en\\\/why-neuromark-main\\\/\",\"url\":\"https:\\\/\\\/neuro-mark.com\\\/en\\\/why-neuromark-main\\\/\",\"name\":\"Academic Articles - NeuroMark - N\u00f6ropazarlama y\u00f6nteminin en do\u011fru ara\u00e7lar\u0131n\u0131 kullan\u0131p, bilimsel ve somut \u00f6neriler sunarak \u201cT\u00fcketicinizin Karma\u015f\u0131k D\u00fcnyas\u0131n\u0131\u201d sizler i\u00e7in anla\u015f\u0131l\u0131r hale getiriyoruz.\",\"isPartOf\":{\"@id\":\"https:\\\/\\\/neuro-mark.com\\\/#website\"},\"datePublished\":\"2021-12-20T10:18:35+00:00\",\"dateModified\":\"2022-02-02T07:09:44+00:00\",\"description\":\"T\u00fcrkiye\u2019de sadece NeuroMark; EMONET ve O\u0130P (Olaya \u0130li\u015fkin Potansiyeller) gibi n\u00f6ropazarlama y\u00f6ntemleriyle, duygular\u0131 ve beyin dalgalar\u0131n\u0131 \u00f6l\u00e7\u00fcml\u00fcyor.\",\"breadcrumb\":{\"@id\":\"https:\\\/\\\/neuro-mark.com\\\/en\\\/why-neuromark-main\\\/#breadcrumb\"},\"inLanguage\":\"en-US\",\"potentialAction\":[{\"@type\":\"ReadAction\",\"target\":[\"https:\\\/\\\/neuro-mark.com\\\/en\\\/why-neuromark-main\\\/\"]}]},{\"@type\":\"BreadcrumbList\",\"@id\":\"https:\\\/\\\/neuro-mark.com\\\/en\\\/why-neuromark-main\\\/#breadcrumb\",\"itemListElement\":[{\"@type\":\"ListItem\",\"position\":1,\"name\":\"Ana sayfa\",\"item\":\"https:\\\/\\\/neuro-mark.com\\\/en\\\/\"},{\"@type\":\"ListItem\",\"position\":2,\"name\":\"Academic Articles\"}]},{\"@type\":\"WebSite\",\"@id\":\"https:\\\/\\\/neuro-mark.com\\\/#website\",\"url\":\"https:\\\/\\\/neuro-mark.com\\\/\",\"name\":\"NeuroMark\",\"description\":\"Bilin\u00e7d\u0131\u015f\u0131 ve Duygu D\u00fcnyas\u0131na Yolculuk\",\"publisher\":{\"@id\":\"https:\\\/\\\/neuro-mark.com\\\/#organization\"},\"potentialAction\":[{\"@type\":\"SearchAction\",\"target\":{\"@type\":\"EntryPoint\",\"urlTemplate\":\"https:\\\/\\\/neuro-mark.com\\\/?s={search_term_string}\"},\"query-input\":{\"@type\":\"PropertyValueSpecification\",\"valueRequired\":true,\"valueName\":\"search_term_string\"}}],\"inLanguage\":\"en-US\"},{\"@type\":\"Organization\",\"@id\":\"https:\\\/\\\/neuro-mark.com\\\/#organization\",\"name\":\"Neuromark\",\"url\":\"https:\\\/\\\/neuro-mark.com\\\/\",\"logo\":{\"@type\":\"ImageObject\",\"inLanguage\":\"en-US\",\"@id\":\"https:\\\/\\\/neuro-mark.com\\\/#\\\/schema\\\/logo\\\/image\\\/\",\"url\":\"https:\\\/\\\/neuro-mark.com\\\/wp-content\\\/uploads\\\/2020\\\/01\\\/logo_nm1-300x100-1.png\",\"contentUrl\":\"https:\\\/\\\/neuro-mark.com\\\/wp-content\\\/uploads\\\/2020\\\/01\\\/logo_nm1-300x100-1.png\",\"width\":300,\"height\":100,\"caption\":\"Neuromark\"},\"image\":{\"@id\":\"https:\\\/\\\/neuro-mark.com\\\/#\\\/schema\\\/logo\\\/image\\\/\"},\"sameAs\":[\"https:\\\/\\\/www.instagram.com\\\/neuromark___\\\/\",\"https:\\\/\\\/www.linkedin.com\\\/company\",\"https:\\\/\\\/www.youtube.com\\\/channel\\\/UC1L9S24BMWwDKD-eG078h9w\"]}]}<\/script>\n<!-- \/ Yoast SEO plugin. -->","yoast_head_json":{"title":"Academic Articles - NeuroMark - N\u00f6ropazarlama y\u00f6nteminin en do\u011fru ara\u00e7lar\u0131n\u0131 kullan\u0131p, bilimsel ve somut \u00f6neriler sunarak \u201cT\u00fcketicinizin Karma\u015f\u0131k D\u00fcnyas\u0131n\u0131\u201d sizler i\u00e7in anla\u015f\u0131l\u0131r hale getiriyoruz.","description":"T\u00fcrkiye\u2019de sadece NeuroMark; EMONET ve O\u0130P (Olaya \u0130li\u015fkin Potansiyeller) gibi n\u00f6ropazarlama y\u00f6ntemleriyle, duygular\u0131 ve beyin dalgalar\u0131n\u0131 \u00f6l\u00e7\u00fcml\u00fcyor.","robots":{"index":"index","follow":"follow","max-snippet":"max-snippet:-1","max-image-preview":"max-image-preview:large","max-video-preview":"max-video-preview:-1"},"canonical":"https:\/\/neuro-mark.com\/en\/why-neuromark-main\/","og_locale":"en_US","og_type":"article","og_title":"Academic Articles - NeuroMark - N\u00f6ropazarlama y\u00f6nteminin en do\u011fru ara\u00e7lar\u0131n\u0131 kullan\u0131p, bilimsel ve somut \u00f6neriler sunarak \u201cT\u00fcketicinizin Karma\u015f\u0131k D\u00fcnyas\u0131n\u0131\u201d sizler i\u00e7in anla\u015f\u0131l\u0131r hale getiriyoruz.","og_description":"T\u00fcrkiye\u2019de sadece NeuroMark; EMONET ve O\u0130P (Olaya \u0130li\u015fkin Potansiyeller) gibi n\u00f6ropazarlama y\u00f6ntemleriyle, duygular\u0131 ve beyin dalgalar\u0131n\u0131 \u00f6l\u00e7\u00fcml\u00fcyor.","og_url":"https:\/\/neuro-mark.com\/en\/why-neuromark-main\/","og_site_name":"NeuroMark","article_modified_time":"2022-02-02T07:09:44+00:00","twitter_card":"summary_large_image","twitter_misc":{"Est. reading time":"2 minutes"},"schema":{"@context":"https:\/\/schema.org","@graph":[{"@type":"WebPage","@id":"https:\/\/neuro-mark.com\/en\/why-neuromark-main\/","url":"https:\/\/neuro-mark.com\/en\/why-neuromark-main\/","name":"Academic Articles - NeuroMark - N\u00f6ropazarlama y\u00f6nteminin en do\u011fru ara\u00e7lar\u0131n\u0131 kullan\u0131p, bilimsel ve somut \u00f6neriler sunarak \u201cT\u00fcketicinizin Karma\u015f\u0131k D\u00fcnyas\u0131n\u0131\u201d sizler i\u00e7in anla\u015f\u0131l\u0131r hale getiriyoruz.","isPartOf":{"@id":"https:\/\/neuro-mark.com\/#website"},"datePublished":"2021-12-20T10:18:35+00:00","dateModified":"2022-02-02T07:09:44+00:00","description":"T\u00fcrkiye\u2019de sadece NeuroMark; EMONET ve O\u0130P (Olaya \u0130li\u015fkin Potansiyeller) gibi n\u00f6ropazarlama y\u00f6ntemleriyle, duygular\u0131 ve beyin dalgalar\u0131n\u0131 \u00f6l\u00e7\u00fcml\u00fcyor.","breadcrumb":{"@id":"https:\/\/neuro-mark.com\/en\/why-neuromark-main\/#breadcrumb"},"inLanguage":"en-US","potentialAction":[{"@type":"ReadAction","target":["https:\/\/neuro-mark.com\/en\/why-neuromark-main\/"]}]},{"@type":"BreadcrumbList","@id":"https:\/\/neuro-mark.com\/en\/why-neuromark-main\/#breadcrumb","itemListElement":[{"@type":"ListItem","position":1,"name":"Ana sayfa","item":"https:\/\/neuro-mark.com\/en\/"},{"@type":"ListItem","position":2,"name":"Academic Articles"}]},{"@type":"WebSite","@id":"https:\/\/neuro-mark.com\/#website","url":"https:\/\/neuro-mark.com\/","name":"NeuroMark","description":"Bilin\u00e7d\u0131\u015f\u0131 ve Duygu D\u00fcnyas\u0131na Yolculuk","publisher":{"@id":"https:\/\/neuro-mark.com\/#organization"},"potentialAction":[{"@type":"SearchAction","target":{"@type":"EntryPoint","urlTemplate":"https:\/\/neuro-mark.com\/?s={search_term_string}"},"query-input":{"@type":"PropertyValueSpecification","valueRequired":true,"valueName":"search_term_string"}}],"inLanguage":"en-US"},{"@type":"Organization","@id":"https:\/\/neuro-mark.com\/#organization","name":"Neuromark","url":"https:\/\/neuro-mark.com\/","logo":{"@type":"ImageObject","inLanguage":"en-US","@id":"https:\/\/neuro-mark.com\/#\/schema\/logo\/image\/","url":"https:\/\/neuro-mark.com\/wp-content\/uploads\/2020\/01\/logo_nm1-300x100-1.png","contentUrl":"https:\/\/neuro-mark.com\/wp-content\/uploads\/2020\/01\/logo_nm1-300x100-1.png","width":300,"height":100,"caption":"Neuromark"},"image":{"@id":"https:\/\/neuro-mark.com\/#\/schema\/logo\/image\/"},"sameAs":["https:\/\/www.instagram.com\/neuromark___\/","https:\/\/www.linkedin.com\/company","https:\/\/www.youtube.com\/channel\/UC1L9S24BMWwDKD-eG078h9w"]}]}},"_links":{"self":[{"href":"https:\/\/neuro-mark.com\/en\/wp-json\/wp\/v2\/pages\/3977\/"}],"collection":[{"href":"https:\/\/neuro-mark.com\/en\/wp-json\/wp\/v2\/pages\/"}],"about":[{"href":"https:\/\/neuro-mark.com\/en\/wp-json\/wp\/v2\/types\/page\/"}],"author":[{"embeddable":true,"href":"https:\/\/neuro-mark.com\/en\/wp-json\/wp\/v2\/users\/1\/"}],"replies":[{"embeddable":true,"href":"https:\/\/neuro-mark.com\/en\/wp-json\/wp\/v2\/comments\/?post=3977"}],"version-history":[{"count":0,"href":"https:\/\/neuro-mark.com\/en\/wp-json\/wp\/v2\/pages\/3977\/revisions\/"}],"wp:attachment":[{"href":"https:\/\/neuro-mark.com\/en\/wp-json\/wp\/v2\/media\/?parent=3977"}],"curies":[{"name":"wp","href":"https:\/\/api.w.org\/{rel}","templated":true}]}}