{"id":1471,"date":"2021-08-13T14:38:16","date_gmt":"2021-08-13T14:38:16","guid":{"rendered":"https:\/\/neuro-mark.com\/?page_id=1471"},"modified":"2025-04-10T16:27:08","modified_gmt":"2025-04-10T16:27:08","slug":"contact","status":"publish","type":"page","link":"https:\/\/neuro-mark.com\/en\/contact\/","title":{"rendered":"Contact"},"content":{"rendered":"\t\t<div data-elementor-type=\"wp-page\" data-elementor-id=\"1471\" class=\"elementor elementor-1471\" data-elementor-post-type=\"page\">\n\t\t\t\t\t\t<section class=\"elementor-section elementor-top-section elementor-element elementor-element-65bb2554 elementor-reverse-mobile elementor-section-boxed elementor-section-height-default elementor-section-height-default\" data-id=\"65bb2554\" data-element_type=\"section\" data-e-type=\"section\" data-settings=\"{&quot;background_background&quot;:&quot;classic&quot;}\">\n\t\t\t\t\t\t\t<div class=\"elementor-background-overlay\"><\/div>\n\t\t\t\t\t\t\t<div class=\"elementor-container elementor-column-gap-default\">\n\t\t\t\t\t<div class=\"elementor-column elementor-col-50 elementor-top-column elementor-element elementor-element-2ff5685d\" data-id=\"2ff5685d\" data-element_type=\"column\" data-e-type=\"column\">\n\t\t\t<div class=\"elementor-widget-wrap elementor-element-populated\">\n\t\t\t\t\t\t<div class=\"elementor-element elementor-element-6391709a elementor-widget elementor-widget-heading\" data-id=\"6391709a\" data-element_type=\"widget\" data-e-type=\"widget\" data-widget_type=\"heading.default\">\n\t\t\t\t<div class=\"elementor-widget-container\">\n\t\t\t\t\t<div class=\"elementor-heading-title elementor-size-default\">CONTACT US<\/div>\t\t\t\t<\/div>\n\t\t\t\t<\/div>\n\t\t\t\t<div class=\"elementor-element elementor-element-100eb990 elementor-widget elementor-widget-text-editor\" data-id=\"100eb990\" data-element_type=\"widget\" data-e-type=\"widget\" data-widget_type=\"text-editor.default\">\n\t\t\t\t<div class=\"elementor-widget-container\">\n\t\t\t\t\t\t\t\t\t<p>We will be pleased to meet you and give information about our work. Please do not hesitate to contact us to reach us.<\/p>\t\t\t\t\t\t\t\t<\/div>\n\t\t\t\t<\/div>\n\t\t\t\t<div class=\"elementor-element elementor-element-1a9bf3bf elementor-widget elementor-widget-heading\" data-id=\"1a9bf3bf\" data-element_type=\"widget\" data-e-type=\"widget\" data-widget_type=\"heading.default\">\n\t\t\t\t<div class=\"elementor-widget-container\">\n\t\t\t\t\t<div class=\"elementor-heading-title elementor-size-default\">Social media<\/div>\t\t\t\t<\/div>\n\t\t\t\t<\/div>\n\t\t\t\t<div class=\"elementor-element elementor-element-47ab6501 elementor-shape-square e-grid-align-left elementor-grid-0 elementor-widget elementor-widget-social-icons\" data-id=\"47ab6501\" data-element_type=\"widget\" data-e-type=\"widget\" data-widget_type=\"social-icons.default\">\n\t\t\t\t<div class=\"elementor-widget-container\">\n\t\t\t\t\t\t\t<div class=\"elementor-social-icons-wrapper elementor-grid\" role=\"list\">\n\t\t\t\t\t\t\t<span class=\"elementor-grid-item\" role=\"listitem\">\n\t\t\t\t\t<a class=\"elementor-icon elementor-social-icon elementor-social-icon-twitter elementor-animation-grow elementor-repeater-item-914746e\" href=\"https:\/\/twitter.com\/neuro_mark\" target=\"_blank\">\n\t\t\t\t\t\t<span class=\"elementor-screen-only\">Twitter<\/span>\n\t\t\t\t\t\t<i aria-hidden=\"true\" class=\"fab fa-twitter\"><\/i>\t\t\t\t\t<\/a>\n\t\t\t\t<\/span>\n\t\t\t\t\t\t\t<span class=\"elementor-grid-item\" role=\"listitem\">\n\t\t\t\t\t<a class=\"elementor-icon elementor-social-icon elementor-social-icon-linkedin elementor-animation-grow elementor-repeater-item-8a28a95\" href=\"https:\/\/www.linkedin.com\/company\/neuromark\/\" target=\"_blank\">\n\t\t\t\t\t\t<span class=\"elementor-screen-only\">Linkedin<\/span>\n\t\t\t\t\t\t<i aria-hidden=\"true\" class=\"fab fa-linkedin\"><\/i>\t\t\t\t\t<\/a>\n\t\t\t\t<\/span>\n\t\t\t\t\t\t\t<span class=\"elementor-grid-item\" role=\"listitem\">\n\t\t\t\t\t<a class=\"elementor-icon elementor-social-icon elementor-social-icon-youtube elementor-animation-grow elementor-repeater-item-d138417\" target=\"_blank\">\n\t\t\t\t\t\t<span class=\"elementor-screen-only\">Youtube<\/span>\n\t\t\t\t\t\t<i aria-hidden=\"true\" class=\"fab fa-youtube\"><\/i>\t\t\t\t\t<\/a>\n\t\t\t\t<\/span>\n\t\t\t\t\t<\/div>\n\t\t\t\t\t\t<\/div>\n\t\t\t\t<\/div>\n\t\t\t\t\t<\/div>\n\t\t<\/div>\n\t\t\t\t<div class=\"elementor-column elementor-col-50 elementor-top-column elementor-element elementor-element-36325eb5\" data-id=\"36325eb5\" data-element_type=\"column\" data-e-type=\"column\">\n\t\t\t<div class=\"elementor-widget-wrap elementor-element-populated\">\n\t\t\t\t\t\t<div class=\"elementor-element elementor-element-686e0d4f elementor-widget elementor-widget-heading\" data-id=\"686e0d4f\" data-element_type=\"widget\" data-e-type=\"widget\" data-widget_type=\"heading.default\">\n\t\t\t\t<div class=\"elementor-widget-container\">\n\t\t\t\t\t<div class=\"elementor-heading-title elementor-size-default\">OUR CONTACT INFORMATION<\/div>\t\t\t\t<\/div>\n\t\t\t\t<\/div>\n\t\t\t\t<div class=\"elementor-element elementor-element-7c9cd966 elementor-widget elementor-widget-text-editor\" data-id=\"7c9cd966\" data-element_type=\"widget\" data-e-type=\"widget\" data-widget_type=\"text-editor.default\">\n\t\t\t\t<div class=\"elementor-widget-container\">\n\t\t\t\t\t\t\t\t\t<p>Esentepe Mah. B\u00fcy\u00fckdere Cad. No: 199\/6 Levent 199 Binas\u0131 Kat: -1 Levent, \u015ei\u015fli- \u0130stanbul<br><strong>Email.<\/strong> contact@neuro-mark.com<br><strong>Web.<\/strong> <a href=\"http:\/\/j1u.790.myftpupload.com\">www.neuro-mark.com<\/a><\/p>\t\t\t\t\t\t\t\t<\/div>\n\t\t\t\t<\/div>\n\t\t\t\t\t<\/div>\n\t\t<\/div>\n\t\t\t\t\t<\/div>\n\t\t<\/section>\n\t\t\t\t<section class=\"elementor-section elementor-top-section elementor-element elementor-element-feed9cc elementor-section-boxed elementor-section-height-default elementor-section-height-default\" data-id=\"feed9cc\" data-element_type=\"section\" data-e-type=\"section\" data-settings=\"{&quot;background_background&quot;:&quot;classic&quot;}\">\n\t\t\t\t\t\t<div class=\"elementor-container elementor-column-gap-default\">\n\t\t\t\t\t<div class=\"elementor-column elementor-col-100 elementor-top-column elementor-element elementor-element-c688f48\" data-id=\"c688f48\" data-element_type=\"column\" data-e-type=\"column\">\n\t\t\t<div class=\"elementor-widget-wrap elementor-element-populated\">\n\t\t\t\t\t\t<div class=\"elementor-element elementor-element-bf42b16 elementor-widget elementor-widget-heading\" data-id=\"bf42b16\" data-element_type=\"widget\" data-e-type=\"widget\" data-widget_type=\"heading.default\">\n\t\t\t\t<div class=\"elementor-widget-container\">\n\t\t\t\t\t<h2 class=\"elementor-heading-title elementor-size-default\">Get \u0131n touch<\/h2>\t\t\t\t<\/div>\n\t\t\t\t<\/div>\n\t\t\t\t\t<\/div>\n\t\t<\/div>\n\t\t\t\t\t<\/div>\n\t\t<\/section>\n\t\t\t\t<section class=\"elementor-section elementor-top-section elementor-element elementor-element-6ae2cb16 elementor-section-boxed elementor-section-height-default elementor-section-height-default\" data-id=\"6ae2cb16\" data-element_type=\"section\" data-e-type=\"section\" data-settings=\"{&quot;background_background&quot;:&quot;classic&quot;}\">\n\t\t\t\t\t\t<div class=\"elementor-container elementor-column-gap-default\">\n\t\t\t\t\t<div class=\"elementor-column elementor-col-100 elementor-top-column elementor-element elementor-element-5323f6c2\" data-id=\"5323f6c2\" data-element_type=\"column\" data-e-type=\"column\">\n\t\t\t<div class=\"elementor-widget-wrap elementor-element-populated\">\n\t\t\t\t\t\t<div class=\"elementor-element elementor-element-66578e5e elementor-button-align-center elementor-widget elementor-widget-form\" data-id=\"66578e5e\" data-element_type=\"widget\" data-e-type=\"widget\" data-settings=\"{&quot;step_next_label&quot;:&quot;Next&quot;,&quot;step_previous_label&quot;:&quot;Previous&quot;,&quot;button_width&quot;:&quot;100&quot;,&quot;step_type&quot;:&quot;number_text&quot;,&quot;step_icon_shape&quot;:&quot;circle&quot;}\" data-widget_type=\"form.default\">\n\t\t\t\t<div class=\"elementor-widget-container\">\n\t\t\t\t\t\t\t<form class=\"elementor-form\" method=\"post\" name=\"Kontakt Form\" aria-label=\"Kontakt Form\">\n\t\t\t<input type=\"hidden\" name=\"post_id\" value=\"1471\"\/>\n\t\t\t<input type=\"hidden\" name=\"form_id\" value=\"66578e5e\"\/>\n\t\t\t<input type=\"hidden\" name=\"referer_title\" value=\"Contact - NeuroMark\" \/>\n\n\t\t\t\t\t\t\t<input type=\"hidden\" name=\"queried_id\" value=\"1471\"\/>\n\t\t\t\n\t\t\t<div class=\"elementor-form-fields-wrapper elementor-labels-above\">\n\t\t\t\t\t\t\t\t<div class=\"elementor-field-type-text elementor-field-group elementor-column elementor-field-group-name elementor-col-50\">\n\t\t\t\t\t\t\t\t\t\t\t\t<label for=\"form-field-name\" class=\"elementor-field-label\">\n\t\t\t\t\t\t\t\tName\t\t\t\t\t\t\t<\/label>\n\t\t\t\t\t\t\t\t\t\t\t\t\t\t<input size=\"1\" type=\"text\" name=\"form_fields[name]\" id=\"form-field-name\" class=\"elementor-field elementor-size-sm  elementor-field-textual\" placeholder=\"Your Name\">\n\t\t\t\t\t\t\t\t\t\t\t<\/div>\n\t\t\t\t\t\t\t\t<div class=\"elementor-field-type-email elementor-field-group elementor-column elementor-field-group-email elementor-col-50 elementor-field-required\">\n\t\t\t\t\t\t\t\t\t\t\t\t<label for=\"form-field-email\" class=\"elementor-field-label\">\n\t\t\t\t\t\t\t\tEmail\t\t\t\t\t\t\t<\/label>\n\t\t\t\t\t\t\t\t\t\t\t\t\t\t<input size=\"1\" type=\"email\" name=\"form_fields[email]\" id=\"form-field-email\" class=\"elementor-field elementor-size-sm  elementor-field-textual\" placeholder=\"Your Email\" required=\"required\">\n\t\t\t\t\t\t\t\t\t\t\t<\/div>\n\t\t\t\t\t\t\t\t<div class=\"elementor-field-type-textarea elementor-field-group elementor-column elementor-field-group-message elementor-col-100\">\n\t\t\t\t\t\t\t\t\t\t\t\t<label for=\"form-field-message\" class=\"elementor-field-label\">\n\t\t\t\t\t\t\t\tMessage\t\t\t\t\t\t\t<\/label>\n\t\t\t\t\t\t<textarea class=\"elementor-field-textual elementor-field  elementor-size-sm\" name=\"form_fields[message]\" id=\"form-field-message\" rows=\"4\" placeholder=\"Your Name\"><\/textarea>\t\t\t\t<\/div>\n\t\t\t\t\t\t\t\t<div class=\"elementor-field-type-recaptcha_v3 elementor-field-group elementor-column elementor-field-group-field_14e7d28 elementor-col-100 recaptcha_v3-bottomright\">\n\t\t\t\t\t<div class=\"elementor-field\" id=\"form-field-field_14e7d28\"><div class=\"elementor-g-recaptcha\" data-sitekey=\"6LcCSZ4cAAAAADHrnFM3-o9zmzwaWYPUZI1Dma2O\" data-type=\"v3\" data-action=\"Form\" data-badge=\"bottomright\" data-size=\"invisible\"><\/div><\/div>\t\t\t\t<\/div>\n\t\t\t\t\t\t\t\t<div class=\"elementor-field-group elementor-column elementor-field-type-submit elementor-col-100 e-form__buttons\">\n\t\t\t\t\t<button class=\"elementor-button elementor-size-sm\" type=\"submit\">\n\t\t\t\t\t\t<span class=\"elementor-button-content-wrapper\">\n\t\t\t\t\t\t\t\t\t\t\t\t\t\t\t\t\t\t\t\t\t\t<span class=\"elementor-button-text\">Send<\/span>\n\t\t\t\t\t\t\t\t\t\t\t\t\t<\/span>\n\t\t\t\t\t<\/button>\n\t\t\t\t<\/div>\n\t\t\t<\/div>\n\t\t<\/form>\n\t\t\t\t\t\t<\/div>\n\t\t\t\t<\/div>\n\t\t\t\t\t<\/div>\n\t\t<\/div>\n\t\t\t\t\t<\/div>\n\t\t<\/section>\n\t\t\t\t<\/div>\n\t\t","protected":false},"excerpt":{"rendered":"<p>CONTACT US We will be pleased to meet you and give information about our work. Please do not hesitate to contact us to reach us. Social media Twitter Linkedin Youtube OUR CONTACT INFORMATION Esentepe Mah. B\u00fcy\u00fckdere Cad. No: 199\/6 Levent 199 Binas\u0131 Kat: -1 Levent, \u015ei\u015fli- \u0130stanbulEmail. contact@neuro-mark.comWeb. www.neuro-mark.com Get \u0131n touch<\/p>\n","protected":false},"author":1,"featured_media":0,"parent":0,"menu_order":0,"comment_status":"closed","ping_status":"closed","template":"elementor_header_footer","meta":{"footnotes":""},"class_list":["post-1471","page","type-page","status-publish","hentry"],"yoast_head":"<!-- This site is optimized with the Yoast SEO plugin v27.4 - https:\/\/yoast.com\/product\/yoast-seo-wordpress\/ -->\n<title>Contact - NeuroMark<\/title>\n<meta name=\"robots\" content=\"index, follow, max-snippet:-1, max-image-preview:large, max-video-preview:-1\" \/>\n<link rel=\"canonical\" href=\"https:\/\/neuro-mark.com\/en\/contact\/\" \/>\n<meta property=\"og:locale\" content=\"en_US\" \/>\n<meta property=\"og:type\" content=\"article\" \/>\n<meta property=\"og:title\" content=\"Contact - NeuroMark\" \/>\n<meta property=\"og:description\" content=\"CONTACT US We will be pleased to meet you and give information about our work. Please do not hesitate to contact us to reach us. Social media Twitter Linkedin Youtube OUR CONTACT INFORMATION Esentepe Mah. B\u00fcy\u00fckdere Cad. No: 199\/6 Levent 199 Binas\u0131 Kat: -1 Levent, \u015ei\u015fli- \u0130stanbulEmail. contact@neuro-mark.comWeb. www.neuro-mark.com Get \u0131n touch\" \/>\n<meta property=\"og:url\" content=\"https:\/\/neuro-mark.com\/en\/contact\/\" \/>\n<meta property=\"og:site_name\" content=\"NeuroMark\" \/>\n<meta property=\"article:modified_time\" content=\"2025-04-10T16:27:08+00:00\" \/>\n<meta name=\"twitter:card\" content=\"summary_large_image\" \/>\n<meta name=\"twitter:label1\" content=\"Est. reading time\" \/>\n\t<meta name=\"twitter:data1\" content=\"1 minute\" \/>\n<script type=\"application\/ld+json\" class=\"yoast-schema-graph\">{\"@context\":\"https:\\\/\\\/schema.org\",\"@graph\":[{\"@type\":\"WebPage\",\"@id\":\"https:\\\/\\\/neuro-mark.com\\\/en\\\/contact\\\/\",\"url\":\"https:\\\/\\\/neuro-mark.com\\\/en\\\/contact\\\/\",\"name\":\"Contact - NeuroMark\",\"isPartOf\":{\"@id\":\"https:\\\/\\\/neuro-mark.com\\\/#website\"},\"datePublished\":\"2021-08-13T14:38:16+00:00\",\"dateModified\":\"2025-04-10T16:27:08+00:00\",\"breadcrumb\":{\"@id\":\"https:\\\/\\\/neuro-mark.com\\\/en\\\/contact\\\/#breadcrumb\"},\"inLanguage\":\"en-US\",\"potentialAction\":[{\"@type\":\"ReadAction\",\"target\":[\"https:\\\/\\\/neuro-mark.com\\\/en\\\/contact\\\/\"]}]},{\"@type\":\"BreadcrumbList\",\"@id\":\"https:\\\/\\\/neuro-mark.com\\\/en\\\/contact\\\/#breadcrumb\",\"itemListElement\":[{\"@type\":\"ListItem\",\"position\":1,\"name\":\"Ana sayfa\",\"item\":\"https:\\\/\\\/neuro-mark.com\\\/en\\\/\"},{\"@type\":\"ListItem\",\"position\":2,\"name\":\"Contact\"}]},{\"@type\":\"WebSite\",\"@id\":\"https:\\\/\\\/neuro-mark.com\\\/#website\",\"url\":\"https:\\\/\\\/neuro-mark.com\\\/\",\"name\":\"NeuroMark\",\"description\":\"Bilin\u00e7d\u0131\u015f\u0131 ve Duygu D\u00fcnyas\u0131na Yolculuk\",\"publisher\":{\"@id\":\"https:\\\/\\\/neuro-mark.com\\\/#organization\"},\"potentialAction\":[{\"@type\":\"SearchAction\",\"target\":{\"@type\":\"EntryPoint\",\"urlTemplate\":\"https:\\\/\\\/neuro-mark.com\\\/?s={search_term_string}\"},\"query-input\":{\"@type\":\"PropertyValueSpecification\",\"valueRequired\":true,\"valueName\":\"search_term_string\"}}],\"inLanguage\":\"en-US\"},{\"@type\":\"Organization\",\"@id\":\"https:\\\/\\\/neuro-mark.com\\\/#organization\",\"name\":\"Neuromark\",\"url\":\"https:\\\/\\\/neuro-mark.com\\\/\",\"logo\":{\"@type\":\"ImageObject\",\"inLanguage\":\"en-US\",\"@id\":\"https:\\\/\\\/neuro-mark.com\\\/#\\\/schema\\\/logo\\\/image\\\/\",\"url\":\"https:\\\/\\\/neuro-mark.com\\\/wp-content\\\/uploads\\\/2020\\\/01\\\/logo_nm1-300x100-1.png\",\"contentUrl\":\"https:\\\/\\\/neuro-mark.com\\\/wp-content\\\/uploads\\\/2020\\\/01\\\/logo_nm1-300x100-1.png\",\"width\":300,\"height\":100,\"caption\":\"Neuromark\"},\"image\":{\"@id\":\"https:\\\/\\\/neuro-mark.com\\\/#\\\/schema\\\/logo\\\/image\\\/\"},\"sameAs\":[\"https:\\\/\\\/www.instagram.com\\\/neuromark___\\\/\",\"https:\\\/\\\/www.linkedin.com\\\/company\",\"https:\\\/\\\/www.youtube.com\\\/channel\\\/UC1L9S24BMWwDKD-eG078h9w\"]}]}<\/script>\n<!-- \/ Yoast SEO plugin. -->","yoast_head_json":{"title":"Contact - NeuroMark","robots":{"index":"index","follow":"follow","max-snippet":"max-snippet:-1","max-image-preview":"max-image-preview:large","max-video-preview":"max-video-preview:-1"},"canonical":"https:\/\/neuro-mark.com\/en\/contact\/","og_locale":"en_US","og_type":"article","og_title":"Contact - NeuroMark","og_description":"CONTACT US We will be pleased to meet you and give information about our work. Please do not hesitate to contact us to reach us. Social media Twitter Linkedin Youtube OUR CONTACT INFORMATION Esentepe Mah. B\u00fcy\u00fckdere Cad. No: 199\/6 Levent 199 Binas\u0131 Kat: -1 Levent, \u015ei\u015fli- \u0130stanbulEmail. contact@neuro-mark.comWeb. www.neuro-mark.com Get \u0131n touch","og_url":"https:\/\/neuro-mark.com\/en\/contact\/","og_site_name":"NeuroMark","article_modified_time":"2025-04-10T16:27:08+00:00","twitter_card":"summary_large_image","twitter_misc":{"Est. reading time":"1 minute"},"schema":{"@context":"https:\/\/schema.org","@graph":[{"@type":"WebPage","@id":"https:\/\/neuro-mark.com\/en\/contact\/","url":"https:\/\/neuro-mark.com\/en\/contact\/","name":"Contact - NeuroMark","isPartOf":{"@id":"https:\/\/neuro-mark.com\/#website"},"datePublished":"2021-08-13T14:38:16+00:00","dateModified":"2025-04-10T16:27:08+00:00","breadcrumb":{"@id":"https:\/\/neuro-mark.com\/en\/contact\/#breadcrumb"},"inLanguage":"en-US","potentialAction":[{"@type":"ReadAction","target":["https:\/\/neuro-mark.com\/en\/contact\/"]}]},{"@type":"BreadcrumbList","@id":"https:\/\/neuro-mark.com\/en\/contact\/#breadcrumb","itemListElement":[{"@type":"ListItem","position":1,"name":"Ana sayfa","item":"https:\/\/neuro-mark.com\/en\/"},{"@type":"ListItem","position":2,"name":"Contact"}]},{"@type":"WebSite","@id":"https:\/\/neuro-mark.com\/#website","url":"https:\/\/neuro-mark.com\/","name":"NeuroMark","description":"Bilin\u00e7d\u0131\u015f\u0131 ve Duygu D\u00fcnyas\u0131na Yolculuk","publisher":{"@id":"https:\/\/neuro-mark.com\/#organization"},"potentialAction":[{"@type":"SearchAction","target":{"@type":"EntryPoint","urlTemplate":"https:\/\/neuro-mark.com\/?s={search_term_string}"},"query-input":{"@type":"PropertyValueSpecification","valueRequired":true,"valueName":"search_term_string"}}],"inLanguage":"en-US"},{"@type":"Organization","@id":"https:\/\/neuro-mark.com\/#organization","name":"Neuromark","url":"https:\/\/neuro-mark.com\/","logo":{"@type":"ImageObject","inLanguage":"en-US","@id":"https:\/\/neuro-mark.com\/#\/schema\/logo\/image\/","url":"https:\/\/neuro-mark.com\/wp-content\/uploads\/2020\/01\/logo_nm1-300x100-1.png","contentUrl":"https:\/\/neuro-mark.com\/wp-content\/uploads\/2020\/01\/logo_nm1-300x100-1.png","width":300,"height":100,"caption":"Neuromark"},"image":{"@id":"https:\/\/neuro-mark.com\/#\/schema\/logo\/image\/"},"sameAs":["https:\/\/www.instagram.com\/neuromark___\/","https:\/\/www.linkedin.com\/company","https:\/\/www.youtube.com\/channel\/UC1L9S24BMWwDKD-eG078h9w"]}]}},"_links":{"self":[{"href":"https:\/\/neuro-mark.com\/en\/wp-json\/wp\/v2\/pages\/1471\/"}],"collection":[{"href":"https:\/\/neuro-mark.com\/en\/wp-json\/wp\/v2\/pages\/"}],"about":[{"href":"https:\/\/neuro-mark.com\/en\/wp-json\/wp\/v2\/types\/page\/"}],"author":[{"embeddable":true,"href":"https:\/\/neuro-mark.com\/en\/wp-json\/wp\/v2\/users\/1\/"}],"replies":[{"embeddable":true,"href":"https:\/\/neuro-mark.com\/en\/wp-json\/wp\/v2\/comments\/?post=1471"}],"version-history":[{"count":9,"href":"https:\/\/neuro-mark.com\/en\/wp-json\/wp\/v2\/pages\/1471\/revisions\/"}],"predecessor-version":[{"id":6623,"href":"https:\/\/neuro-mark.com\/en\/wp-json\/wp\/v2\/pages\/1471\/revisions\/6623\/"}],"wp:attachment":[{"href":"https:\/\/neuro-mark.com\/en\/wp-json\/wp\/v2\/media\/?parent=1471"}],"curies":[{"name":"wp","href":"https:\/\/api.w.org\/{rel}","templated":true}]}}