{"id":1451,"date":"2021-08-16T12:47:41","date_gmt":"2021-08-16T12:47:41","guid":{"rendered":"https:\/\/neuro-mark.com\/?page_id=1451"},"modified":"2025-04-10T15:44:06","modified_gmt":"2025-04-10T15:44:06","slug":"our-team","status":"publish","type":"page","link":"https:\/\/neuro-mark.com\/en\/our-team\/","title":{"rendered":"Our Team"},"content":{"rendered":"\t\t<div data-elementor-type=\"wp-page\" data-elementor-id=\"1451\" class=\"elementor elementor-1451\" data-elementor-post-type=\"page\">\n\t\t\t\t\t\t<section class=\"elementor-section elementor-top-section elementor-element elementor-element-7261c47 elementor-section-height-min-height elementor-section-boxed elementor-section-height-default elementor-section-items-middle\" data-id=\"7261c47\" data-element_type=\"section\" data-e-type=\"section\" data-settings=\"{&quot;background_background&quot;:&quot;classic&quot;}\">\n\t\t\t\t\t\t<div class=\"elementor-container elementor-column-gap-default\">\n\t\t\t\t\t<div class=\"elementor-column elementor-col-100 elementor-top-column elementor-element elementor-element-a6b21a8\" data-id=\"a6b21a8\" data-element_type=\"column\" data-e-type=\"column\">\n\t\t\t<div class=\"elementor-widget-wrap elementor-element-populated\">\n\t\t\t\t\t\t<div class=\"elementor-element elementor-element-fcb8fa9 elementor-widget elementor-widget-heading\" data-id=\"fcb8fa9\" data-element_type=\"widget\" data-e-type=\"widget\" data-widget_type=\"heading.default\">\n\t\t\t\t<div class=\"elementor-widget-container\">\n\t\t\t\t\t<h2 class=\"elementor-heading-title elementor-size-default\">WE ARE HERE TO DIRECT YOUR MARKETING STRATEGIES<\/h2>\t\t\t\t<\/div>\n\t\t\t\t<\/div>\n\t\t\t\t<div class=\"elementor-element elementor-element-e774026 elementor-widget elementor-widget-text-editor\" data-id=\"e774026\" data-element_type=\"widget\" data-e-type=\"widget\" data-widget_type=\"text-editor.default\">\n\t\t\t\t<div class=\"elementor-widget-container\">\n\t\t\t\t\t\t\t\t\t<p>Because we have a holistic, scientific, result-oriented perspective and we realize your products and projects with a 95% confidence level.<\/p>\t\t\t\t\t\t\t\t<\/div>\n\t\t\t\t<\/div>\n\t\t\t\t\t<\/div>\n\t\t<\/div>\n\t\t\t\t\t<\/div>\n\t\t<\/section>\n\t\t\t\t<section class=\"elementor-section elementor-top-section elementor-element elementor-element-73e8344 elementor-section-boxed elementor-section-height-default elementor-section-height-default\" data-id=\"73e8344\" data-element_type=\"section\" data-e-type=\"section\">\n\t\t\t\t\t\t<div class=\"elementor-container elementor-column-gap-default\">\n\t\t\t\t\t<div class=\"elementor-column elementor-col-100 elementor-top-column elementor-element elementor-element-f1ce2c2\" data-id=\"f1ce2c2\" data-element_type=\"column\" data-e-type=\"column\">\n\t\t\t<div class=\"elementor-widget-wrap elementor-element-populated\">\n\t\t\t\t\t\t<div class=\"elementor-element elementor-element-4fc11b9 elementor-widget elementor-widget-awsm-team\" data-id=\"4fc11b9\" data-element_type=\"widget\" data-e-type=\"widget\" data-widget_type=\"awsm-team.default\">\n\t\t\t\t<div class=\"elementor-widget-container\">\n\t\t\t\t\t<div id=\"awsm-team-257\" class=\"awsm-grid-wrapper\">\n\t\t\n\t<div class=\"awsm-modal\">\n\t\t\t<div class=\"awsm-grid-modal awsm-grid modal-style style-1 grid-3-col \">\n\t\t\t\t\t\t<div id=\"awsm-member-257-262\" class=\"awsm-grid-card awsm-team-item awsm-scale-anm awsm-all\">\n\t\t\t\t\t<a href=\"#\" id=\"tigger-style-257-262\" class=\"awsm-modal-trigger\" data-trigger=\"#modal-style-257-262\">\n\t\t\t\t\t\t<figure>\n\t\t\t\t\t\t\t<img fetchpriority=\"high\" decoding=\"async\" width=\"370\" height=\"370\" src=\"https:\/\/neuro-mark.com\/wp-content\/uploads\/2020\/10\/simin-demiris.jpg\" class=\"attachment-awsm_team size-awsm_team wp-post-image\" alt=\"\" sizes=\"100vw\" \/>\t\t\t\t\t\t\t<figcaption>\n\t\t\t\t\t\t\t\t<div class=\"awsm-personal-info\">\n\t\t\t\t\t\t\t\t\t\t\t\t\t\t\t\t\t\t<h3>Simin Demiri\u015f<\/h3>\n\t\t\t\t\t\t\t\t<\/div>\n\t\t\t\t\t\t\t<\/figcaption>\n\t\t\t\t\t\t<\/figure>\n\t\t\t\t\t<\/a>\n\t\t\t\t<\/div>\n\t\t\t\t\t\t\t<div id=\"awsm-member-257-261\" class=\"awsm-grid-card awsm-team-item awsm-scale-anm awsm-all\">\n\t\t\t\t\t<a href=\"#\" id=\"tigger-style-257-261\" class=\"awsm-modal-trigger\" data-trigger=\"#modal-style-257-261\">\n\t\t\t\t\t\t<figure>\n\t\t\t\t\t\t\t<img decoding=\"async\" width=\"180\" height=\"180\" src=\"https:\/\/neuro-mark.com\/wp-content\/uploads\/2020\/01\/drmhacihanefioglu-180x180-1.png\" class=\"attachment-awsm_team size-awsm_team wp-post-image\" alt=\"\" sizes=\"100vw\" \/>\t\t\t\t\t\t\t<figcaption>\n\t\t\t\t\t\t\t\t<div class=\"awsm-personal-info\">\n\t\t\t\t\t\t\t\t\t\t\t\t\t\t\t\t\t\t<h3>Dr. Mehmet Hac\u0131hanefio\u011flu<\/h3>\n\t\t\t\t\t\t\t\t<\/div>\n\t\t\t\t\t\t\t<\/figcaption>\n\t\t\t\t\t\t<\/figure>\n\t\t\t\t\t<\/a>\n\t\t\t\t<\/div>\n\t\t\t\t\t\t\t<div id=\"awsm-member-257-260\" class=\"awsm-grid-card awsm-team-item awsm-scale-anm awsm-all\">\n\t\t\t\t\t<a href=\"#\" id=\"tigger-style-257-260\" class=\"awsm-modal-trigger\" data-trigger=\"#modal-style-257-260\">\n\t\t\t\t\t\t<figure>\n\t\t\t\t\t\t\t<img decoding=\"async\" width=\"180\" height=\"180\" src=\"https:\/\/neuro-mark.com\/wp-content\/uploads\/2020\/01\/neuromark_ayfer.png\" class=\"attachment-awsm_team size-awsm_team wp-post-image\" alt=\"\" sizes=\"100vw\" \/>\t\t\t\t\t\t\t<figcaption>\n\t\t\t\t\t\t\t\t<div class=\"awsm-personal-info\">\n\t\t\t\t\t\t\t\t\t\t\t\t\t\t\t\t\t\t<h3>Ayfer \u015eim\u015fek<\/h3>\n\t\t\t\t\t\t\t\t<\/div>\n\t\t\t\t\t\t\t<\/figcaption>\n\t\t\t\t\t\t<\/figure>\n\t\t\t\t\t<\/a>\n\t\t\t\t<\/div>\n\t\t\t\t\t\t\t<div id=\"awsm-member-257-258\" class=\"awsm-grid-card awsm-team-item awsm-scale-anm awsm-all\">\n\t\t\t\t\t<a href=\"#\" id=\"tigger-style-257-258\" class=\"awsm-modal-trigger\" data-trigger=\"#modal-style-257-258\">\n\t\t\t\t\t\t<figure>\n\t\t\t\t\t\t\t<img loading=\"lazy\" decoding=\"async\" width=\"172\" height=\"172\" src=\"https:\/\/neuro-mark.com\/wp-content\/uploads\/2020\/10\/h_bolgi2-172x180-1-172x172-1.jpg\" class=\"attachment-awsm_team size-awsm_team wp-post-image\" alt=\"\" sizes=\"100vw\" \/>\t\t\t\t\t\t\t<figcaption>\n\t\t\t\t\t\t\t\t<div class=\"awsm-personal-info\">\n\t\t\t\t\t\t\t\t\t\t\t\t\t\t\t\t\t\t<h3>Hande Bolgi<\/h3>\n\t\t\t\t\t\t\t\t<\/div>\n\t\t\t\t\t\t\t<\/figcaption>\n\t\t\t\t\t\t<\/figure>\n\t\t\t\t\t<\/a>\n\t\t\t\t<\/div>\n\t\t\t\t\t<\/div>\n\t\t<div class=\"awsm-modal-items modal-style style-1 grid-3-col \">\n\t\t\t<a href=\"#\" class=\"awsm-modal-close\"><\/a>\n\t\t\t<div class=\"awsm-modal-items-main\">\n\t\t\t\t<a href=\"#\" class=\"awsm-nav-item awsm-nav-left\"><\/a>\n\t\t\t\t\t<div id=\"modal-style-257-262\" class=\"awsm-modal-item awsm-scale-anm awsm-all \">\n\t<div id=\"awsm-member-info-257-262\" class=\"awsm-modal-content\">\n\t\t<div class=\"awsm-modal-content-main\">\n\t\t\t<div class=\"awsm-image-main\">\n\t\t\t\t<img fetchpriority=\"high\" decoding=\"async\" width=\"370\" height=\"370\" src=\"https:\/\/neuro-mark.com\/wp-content\/uploads\/2020\/10\/simin-demiris.jpg\" class=\"attachment-awsm_team size-awsm_team wp-post-image\" alt=\"\" sizes=\"100vw\" \/>\t\t\t<\/div>\n\t\t\t<div class=\"awsm-modal-details\">\n\t\t\t\t<div class=\"awsm-modal-content-inner\">\n\t\t\t\t\t<h2>Simin Demiri\u015f<\/h2>\n<p><strong>Undergraduate Education<\/strong>: Marmara University- Faculty of Management<\/p>\n\n\n\n<p><strong>Post Graduate Education<\/strong>: Istanbul Technical University \u2013 Management Engineering<\/p>\n\n\n\n<p><strong>Research Experience<\/strong>: 25 years of experience in qualitative projects<\/p>\n\n\n\n<p><strong>Company Experience<\/strong>: Barem Research-PlusRemark-Manajans\/Thompson-Mc Cann Erickson,Globus Research(Founder),Akademetre-DAP-SeverImpeks-\u00c7\u00f6z\u00fcm Research (freelance)<\/p>\n\n\n\n<p><strong>Field of Expertise<\/strong>: Health, Municipality, FMCG, Cigarette, Automotive, Finance, Retail sectors<\/p>\n\n\n\n<p><strong>Foreign Languages<\/strong>: English, French<\/p>\n<div class=\"awsm-social-icons\"><span><a href=\"https:\/\/www.linkedin.com\/in\/simin-demiris-45679262\/\" target=\"_blank\"><i class=\"awsm-icon-linkedin\" aria-hidden=\"true\"><\/i><\/a><\/span><\/div>\t\t\t\t<\/div>\n\t\t\t<\/div>\n\t\t<\/div>\n\t<\/div>\n<\/div>\n<div id=\"modal-style-257-261\" class=\"awsm-modal-item awsm-scale-anm awsm-all \">\n\t<div id=\"awsm-member-info-257-261\" class=\"awsm-modal-content\">\n\t\t<div class=\"awsm-modal-content-main\">\n\t\t\t<div class=\"awsm-image-main\">\n\t\t\t\t<img decoding=\"async\" width=\"180\" height=\"180\" src=\"https:\/\/neuro-mark.com\/wp-content\/uploads\/2020\/01\/drmhacihanefioglu-180x180-1.png\" class=\"attachment-awsm_team size-awsm_team wp-post-image\" alt=\"\" sizes=\"100vw\" \/>\t\t\t<\/div>\n\t\t\t<div class=\"awsm-modal-details\">\n\t\t\t\t<div class=\"awsm-modal-content-inner\">\n\t\t\t\t\t<h2>Dr. Mehmet Hac\u0131hanefio\u011flu<\/h2>\n<p><strong>Undergraduate Education<\/strong>: Istanbul University Cerrahpa\u015fa Medical Faculty<\/p>\n\n\n\n<p><strong>Post Graduate Education<\/strong>: Cerrahpa\u015fa Medical Faculty Neurosurgery<\/p>\n\n\n\n<p><strong>Field of Expertise<\/strong>: Neurological Surgery<\/p>\n\n\n\n<p><strong>Current Workplaces<\/strong>: Ac\u0131badem Health Group<\/p>\n\n\n\n<p><strong>Old Workplaces<\/strong>: Florence Nightingale Health Group, American Hospital Health Group<\/p>\n\n\n\n<p><strong>Memberships<\/strong>: EANS,CNS, Neurosurgery Association of Turkey<\/p>\n\n\n\n<p><strong>Foreign Languages<\/strong>: English<\/p>\n<div class=\"awsm-social-icons\"><span><a href=\"https:\/\/www.linkedin.com\/in\/mehmet-hac%C4%B1hanefio%C4%9Flu-99745a8b\/\" target=\"_blank\"><i class=\"awsm-icon-linkedin\" aria-hidden=\"true\"><\/i><\/a><\/span><\/div>\t\t\t\t<\/div>\n\t\t\t<\/div>\n\t\t<\/div>\n\t<\/div>\n<\/div>\n<div id=\"modal-style-257-260\" class=\"awsm-modal-item awsm-scale-anm awsm-all \">\n\t<div id=\"awsm-member-info-257-260\" class=\"awsm-modal-content\">\n\t\t<div class=\"awsm-modal-content-main\">\n\t\t\t<div class=\"awsm-image-main\">\n\t\t\t\t<img decoding=\"async\" width=\"180\" height=\"180\" src=\"https:\/\/neuro-mark.com\/wp-content\/uploads\/2020\/01\/neuromark_ayfer.png\" class=\"attachment-awsm_team size-awsm_team wp-post-image\" alt=\"\" sizes=\"100vw\" \/>\t\t\t<\/div>\n\t\t\t<div class=\"awsm-modal-details\">\n\t\t\t\t<div class=\"awsm-modal-content-inner\">\n\t\t\t\t\t<h2>Ayfer \u015eim\u015fek<\/h2>\n<p><strong>Undergraduate Education<\/strong>: Bo\u011fazi\u00e7i University \u2013 Faculty of Management<\/p>\n\n\n\n<p><strong>Post Graduate Education<\/strong>: Bo\u011fazi\u00e7i University \u2013 MBA Marketing<\/p>\n\n\n\n<p><strong>Research Experience<\/strong>: 20 years of experience in qualitative projects<\/p>\n\n\n\n<p><strong>Research Company Experience<\/strong>: Erickson, Barem Research<\/p>\n\n\n\n<p><strong>Field of Expertise:<\/strong> Advertisement Tests, FMCG, Communication\/GSM, Automative, Finance, Retail, Electronics, Tobacco\/Cigarettes, Durable Consumption Products, Health, B2B, Workshops<\/p>\n\n\n\n<p><strong>Foreign Languages<\/strong>: English<\/p>\n<div class=\"awsm-social-icons\"><span><a href=\"https:\/\/www.linkedin.com\/in\/ayfer-simsek-16a546a\/\" target=\"_blank\"><i class=\"awsm-icon-linkedin\" aria-hidden=\"true\"><\/i><\/a><\/span><\/div>\t\t\t\t<\/div>\n\t\t\t<\/div>\n\t\t<\/div>\n\t<\/div>\n<\/div>\n<div id=\"modal-style-257-258\" class=\"awsm-modal-item awsm-scale-anm awsm-all \">\n\t<div id=\"awsm-member-info-257-258\" class=\"awsm-modal-content\">\n\t\t<div class=\"awsm-modal-content-main\">\n\t\t\t<div class=\"awsm-image-main\">\n\t\t\t\t<img loading=\"lazy\" decoding=\"async\" width=\"172\" height=\"172\" src=\"https:\/\/neuro-mark.com\/wp-content\/uploads\/2020\/10\/h_bolgi2-172x180-1-172x172-1.jpg\" class=\"attachment-awsm_team size-awsm_team wp-post-image\" alt=\"\" sizes=\"100vw\" \/>\t\t\t<\/div>\n\t\t\t<div class=\"awsm-modal-details\">\n\t\t\t\t<div class=\"awsm-modal-content-inner\">\n\t\t\t\t\t<h2>Hande Bolgi<\/h2>\n<p><strong>Undergraduate Education<\/strong>: Istanbul University \u2013 Faculty of Management<\/p>\n\n\n\n<p><strong>Post Graduate Education<\/strong>: Istanbul University- Finance<\/p>\n\n\n\n<p><strong>Work Experience<\/strong>: 25 years of work experience in multinational companies<\/p>\n\n\n\n<p><strong>Client Experience<\/strong>: SC Johnson, Management Position at GlaxoSmithKline Pharmaceuticals, Participation to multiple seminars in abroad &amp; up country, Making presentations, Writing various projects related to pharmaceutical industry, prizes<\/p>\n\n\n\n<p><strong>Foreign Languages<\/strong>: English<\/p>\n<div class=\"awsm-social-icons\"><span><a href=\"https:\/\/www.linkedin.com\/in\/hande-bolgi-1665ba32\/\" target=\"_blank\"><i class=\"awsm-icon-linkedin\" aria-hidden=\"true\"><\/i><\/a><\/span><\/div>\t\t\t\t<\/div>\n\t\t\t<\/div>\n\t\t<\/div>\n\t<\/div>\n<\/div>\n\t\t\t\t\t\t\n\t\t\t\t<a href=\"#\" class=\"awsm-nav-item awsm-nav-right\"><\/a>\n\t\t\t   <\/div>\n\t\t<\/div>\n\t\t\n\t<\/div>\n<\/div>\n\t\t\t\t<\/div>\n\t\t\t\t<\/div>\n\t\t\t\t\t<\/div>\n\t\t<\/div>\n\t\t\t\t\t<\/div>\n\t\t<\/section>\n\t\t\t\t<section class=\"elementor-section elementor-top-section elementor-element elementor-element-446bc83 elementor-section-height-min-height elementor-section-boxed elementor-section-height-default elementor-section-items-middle\" data-id=\"446bc83\" data-element_type=\"section\" data-e-type=\"section\" data-settings=\"{&quot;background_background&quot;:&quot;classic&quot;}\">\n\t\t\t\t\t\t<div class=\"elementor-container elementor-column-gap-default\">\n\t\t\t\t\t<div class=\"elementor-column elementor-col-100 elementor-top-column elementor-element elementor-element-29deeff\" data-id=\"29deeff\" data-element_type=\"column\" data-e-type=\"column\">\n\t\t\t<div class=\"elementor-widget-wrap elementor-element-populated\">\n\t\t\t\t\t\t\t<\/div>\n\t\t<\/div>\n\t\t\t\t\t<\/div>\n\t\t<\/section>\n\t\t\t\t<\/div>\n\t\t","protected":false},"excerpt":{"rendered":"<p>WE ARE HERE TO DIRECT YOUR MARKETING STRATEGIES Because we have a holistic, scientific, result-oriented perspective and we realize your products and projects with a 95% confidence level. Founding Partner Simin Demiri\u015f Founding Partner Dr. Mehmet Hac\u0131hanefio\u011flu Research and Strategy Consultant Ayfer \u015eim\u015fek Sales Consultant Hande Bolgi Assoc. Prof. Adil Deniz Duru Founding Partner Simin &hellip; <\/p>\n<p class=\"link-more\"><a href=\"https:\/\/neuro-mark.com\/en\/awsm_team_member\/hande-bolgi-2\/\" class=\"more-link\">Continue reading<span class=\"screen-reader-text\"> &#8220;Hande Bolgi&#8221;<\/span><\/a><\/p>\n","protected":false},"author":1,"featured_media":0,"parent":0,"menu_order":0,"comment_status":"closed","ping_status":"closed","template":"elementor_header_footer","meta":{"footnotes":""},"class_list":["post-1451","page","type-page","status-publish","hentry"],"yoast_head":"<!-- This site is optimized with the Yoast SEO plugin v27.4 - https:\/\/yoast.com\/product\/yoast-seo-wordpress\/ -->\n<title>Our Team - NeuroMark<\/title>\n<meta name=\"robots\" content=\"index, follow, max-snippet:-1, max-image-preview:large, max-video-preview:-1\" \/>\n<link rel=\"canonical\" href=\"https:\/\/neuro-mark.com\/en\/our-team\/\" \/>\n<meta property=\"og:locale\" content=\"en_US\" \/>\n<meta property=\"og:type\" content=\"article\" \/>\n<meta property=\"og:title\" content=\"Our Team - NeuroMark\" \/>\n<meta property=\"og:description\" content=\"WE ARE HERE TO DIRECT YOUR MARKETING STRATEGIES Because we have a holistic, scientific, result-oriented perspective and we realize your products and projects with a 95% confidence level. Founding Partner Simin Demiri\u015f Founding Partner Dr. Mehmet Hac\u0131hanefio\u011flu Research and Strategy Consultant Ayfer \u015eim\u015fek Sales Consultant Hande Bolgi Assoc. Prof. Adil Deniz Duru Founding Partner Simin &hellip; Continue reading &quot;Hande Bolgi&quot;\" \/>\n<meta property=\"og:url\" content=\"https:\/\/neuro-mark.com\/en\/our-team\/\" \/>\n<meta property=\"og:site_name\" content=\"NeuroMark\" \/>\n<meta property=\"article:modified_time\" content=\"2025-04-10T15:44:06+00:00\" \/>\n<meta property=\"og:image\" content=\"https:\/\/neuro-mark.com\/wp-content\/uploads\/2020\/10\/simin-demiris.jpg\" \/>\n<meta name=\"twitter:card\" content=\"summary_large_image\" \/>\n<meta name=\"twitter:label1\" content=\"Est. reading time\" \/>\n\t<meta name=\"twitter:data1\" content=\"5 minutes\" \/>\n<script type=\"application\/ld+json\" class=\"yoast-schema-graph\">{\"@context\":\"https:\\\/\\\/schema.org\",\"@graph\":[{\"@type\":\"WebPage\",\"@id\":\"https:\\\/\\\/neuro-mark.com\\\/en\\\/our-team\\\/\",\"url\":\"https:\\\/\\\/neuro-mark.com\\\/en\\\/our-team\\\/\",\"name\":\"Our Team - NeuroMark\",\"isPartOf\":{\"@id\":\"https:\\\/\\\/neuro-mark.com\\\/#website\"},\"primaryImageOfPage\":{\"@id\":\"https:\\\/\\\/neuro-mark.com\\\/en\\\/our-team\\\/#primaryimage\"},\"image\":{\"@id\":\"https:\\\/\\\/neuro-mark.com\\\/en\\\/our-team\\\/#primaryimage\"},\"thumbnailUrl\":\"https:\\\/\\\/neuro-mark.com\\\/wp-content\\\/uploads\\\/2020\\\/10\\\/simin-demiris.jpg\",\"datePublished\":\"2021-08-16T12:47:41+00:00\",\"dateModified\":\"2025-04-10T15:44:06+00:00\",\"breadcrumb\":{\"@id\":\"https:\\\/\\\/neuro-mark.com\\\/en\\\/our-team\\\/#breadcrumb\"},\"inLanguage\":\"en-US\",\"potentialAction\":[{\"@type\":\"ReadAction\",\"target\":[\"https:\\\/\\\/neuro-mark.com\\\/en\\\/our-team\\\/\"]}]},{\"@type\":\"ImageObject\",\"inLanguage\":\"en-US\",\"@id\":\"https:\\\/\\\/neuro-mark.com\\\/en\\\/our-team\\\/#primaryimage\",\"url\":\"https:\\\/\\\/neuro-mark.com\\\/wp-content\\\/uploads\\\/2020\\\/10\\\/simin-demiris.jpg\",\"contentUrl\":\"https:\\\/\\\/neuro-mark.com\\\/wp-content\\\/uploads\\\/2020\\\/10\\\/simin-demiris.jpg\"},{\"@type\":\"BreadcrumbList\",\"@id\":\"https:\\\/\\\/neuro-mark.com\\\/en\\\/our-team\\\/#breadcrumb\",\"itemListElement\":[{\"@type\":\"ListItem\",\"position\":1,\"name\":\"Ana sayfa\",\"item\":\"https:\\\/\\\/neuro-mark.com\\\/en\\\/\"},{\"@type\":\"ListItem\",\"position\":2,\"name\":\"Our Team\"}]},{\"@type\":\"WebSite\",\"@id\":\"https:\\\/\\\/neuro-mark.com\\\/#website\",\"url\":\"https:\\\/\\\/neuro-mark.com\\\/\",\"name\":\"NeuroMark\",\"description\":\"Bilin\u00e7d\u0131\u015f\u0131 ve Duygu D\u00fcnyas\u0131na Yolculuk\",\"publisher\":{\"@id\":\"https:\\\/\\\/neuro-mark.com\\\/#organization\"},\"potentialAction\":[{\"@type\":\"SearchAction\",\"target\":{\"@type\":\"EntryPoint\",\"urlTemplate\":\"https:\\\/\\\/neuro-mark.com\\\/?s={search_term_string}\"},\"query-input\":{\"@type\":\"PropertyValueSpecification\",\"valueRequired\":true,\"valueName\":\"search_term_string\"}}],\"inLanguage\":\"en-US\"},{\"@type\":\"Organization\",\"@id\":\"https:\\\/\\\/neuro-mark.com\\\/#organization\",\"name\":\"Neuromark\",\"url\":\"https:\\\/\\\/neuro-mark.com\\\/\",\"logo\":{\"@type\":\"ImageObject\",\"inLanguage\":\"en-US\",\"@id\":\"https:\\\/\\\/neuro-mark.com\\\/#\\\/schema\\\/logo\\\/image\\\/\",\"url\":\"https:\\\/\\\/neuro-mark.com\\\/wp-content\\\/uploads\\\/2020\\\/01\\\/logo_nm1-300x100-1.png\",\"contentUrl\":\"https:\\\/\\\/neuro-mark.com\\\/wp-content\\\/uploads\\\/2020\\\/01\\\/logo_nm1-300x100-1.png\",\"width\":300,\"height\":100,\"caption\":\"Neuromark\"},\"image\":{\"@id\":\"https:\\\/\\\/neuro-mark.com\\\/#\\\/schema\\\/logo\\\/image\\\/\"},\"sameAs\":[\"https:\\\/\\\/www.instagram.com\\\/neuromark___\\\/\",\"https:\\\/\\\/www.linkedin.com\\\/company\",\"https:\\\/\\\/www.youtube.com\\\/channel\\\/UC1L9S24BMWwDKD-eG078h9w\"]}]}<\/script>\n<!-- \/ Yoast SEO plugin. -->","yoast_head_json":{"title":"Our Team - NeuroMark","robots":{"index":"index","follow":"follow","max-snippet":"max-snippet:-1","max-image-preview":"max-image-preview:large","max-video-preview":"max-video-preview:-1"},"canonical":"https:\/\/neuro-mark.com\/en\/our-team\/","og_locale":"en_US","og_type":"article","og_title":"Our Team - NeuroMark","og_description":"WE ARE HERE TO DIRECT YOUR MARKETING STRATEGIES Because we have a holistic, scientific, result-oriented perspective and we realize your products and projects with a 95% confidence level. Founding Partner Simin Demiri\u015f Founding Partner Dr. Mehmet Hac\u0131hanefio\u011flu Research and Strategy Consultant Ayfer \u015eim\u015fek Sales Consultant Hande Bolgi Assoc. Prof. Adil Deniz Duru Founding Partner Simin &hellip; Continue reading \"Hande Bolgi\"","og_url":"https:\/\/neuro-mark.com\/en\/our-team\/","og_site_name":"NeuroMark","article_modified_time":"2025-04-10T15:44:06+00:00","og_image":[{"url":"https:\/\/neuro-mark.com\/wp-content\/uploads\/2020\/10\/simin-demiris.jpg","type":"","width":"","height":""}],"twitter_card":"summary_large_image","twitter_misc":{"Est. reading time":"5 minutes"},"schema":{"@context":"https:\/\/schema.org","@graph":[{"@type":"WebPage","@id":"https:\/\/neuro-mark.com\/en\/our-team\/","url":"https:\/\/neuro-mark.com\/en\/our-team\/","name":"Our Team - NeuroMark","isPartOf":{"@id":"https:\/\/neuro-mark.com\/#website"},"primaryImageOfPage":{"@id":"https:\/\/neuro-mark.com\/en\/our-team\/#primaryimage"},"image":{"@id":"https:\/\/neuro-mark.com\/en\/our-team\/#primaryimage"},"thumbnailUrl":"https:\/\/neuro-mark.com\/wp-content\/uploads\/2020\/10\/simin-demiris.jpg","datePublished":"2021-08-16T12:47:41+00:00","dateModified":"2025-04-10T15:44:06+00:00","breadcrumb":{"@id":"https:\/\/neuro-mark.com\/en\/our-team\/#breadcrumb"},"inLanguage":"en-US","potentialAction":[{"@type":"ReadAction","target":["https:\/\/neuro-mark.com\/en\/our-team\/"]}]},{"@type":"ImageObject","inLanguage":"en-US","@id":"https:\/\/neuro-mark.com\/en\/our-team\/#primaryimage","url":"https:\/\/neuro-mark.com\/wp-content\/uploads\/2020\/10\/simin-demiris.jpg","contentUrl":"https:\/\/neuro-mark.com\/wp-content\/uploads\/2020\/10\/simin-demiris.jpg"},{"@type":"BreadcrumbList","@id":"https:\/\/neuro-mark.com\/en\/our-team\/#breadcrumb","itemListElement":[{"@type":"ListItem","position":1,"name":"Ana sayfa","item":"https:\/\/neuro-mark.com\/en\/"},{"@type":"ListItem","position":2,"name":"Our Team"}]},{"@type":"WebSite","@id":"https:\/\/neuro-mark.com\/#website","url":"https:\/\/neuro-mark.com\/","name":"NeuroMark","description":"Bilin\u00e7d\u0131\u015f\u0131 ve Duygu D\u00fcnyas\u0131na Yolculuk","publisher":{"@id":"https:\/\/neuro-mark.com\/#organization"},"potentialAction":[{"@type":"SearchAction","target":{"@type":"EntryPoint","urlTemplate":"https:\/\/neuro-mark.com\/?s={search_term_string}"},"query-input":{"@type":"PropertyValueSpecification","valueRequired":true,"valueName":"search_term_string"}}],"inLanguage":"en-US"},{"@type":"Organization","@id":"https:\/\/neuro-mark.com\/#organization","name":"Neuromark","url":"https:\/\/neuro-mark.com\/","logo":{"@type":"ImageObject","inLanguage":"en-US","@id":"https:\/\/neuro-mark.com\/#\/schema\/logo\/image\/","url":"https:\/\/neuro-mark.com\/wp-content\/uploads\/2020\/01\/logo_nm1-300x100-1.png","contentUrl":"https:\/\/neuro-mark.com\/wp-content\/uploads\/2020\/01\/logo_nm1-300x100-1.png","width":300,"height":100,"caption":"Neuromark"},"image":{"@id":"https:\/\/neuro-mark.com\/#\/schema\/logo\/image\/"},"sameAs":["https:\/\/www.instagram.com\/neuromark___\/","https:\/\/www.linkedin.com\/company","https:\/\/www.youtube.com\/channel\/UC1L9S24BMWwDKD-eG078h9w"]}]}},"_links":{"self":[{"href":"https:\/\/neuro-mark.com\/en\/wp-json\/wp\/v2\/pages\/1451\/"}],"collection":[{"href":"https:\/\/neuro-mark.com\/en\/wp-json\/wp\/v2\/pages\/"}],"about":[{"href":"https:\/\/neuro-mark.com\/en\/wp-json\/wp\/v2\/types\/page\/"}],"author":[{"embeddable":true,"href":"https:\/\/neuro-mark.com\/en\/wp-json\/wp\/v2\/users\/1\/"}],"replies":[{"embeddable":true,"href":"https:\/\/neuro-mark.com\/en\/wp-json\/wp\/v2\/comments\/?post=1451"}],"version-history":[{"count":4,"href":"https:\/\/neuro-mark.com\/en\/wp-json\/wp\/v2\/pages\/1451\/revisions\/"}],"predecessor-version":[{"id":6612,"href":"https:\/\/neuro-mark.com\/en\/wp-json\/wp\/v2\/pages\/1451\/revisions\/6612\/"}],"wp:attachment":[{"href":"https:\/\/neuro-mark.com\/en\/wp-json\/wp\/v2\/media\/?parent=1451"}],"curies":[{"name":"wp","href":"https:\/\/api.w.org\/{rel}","templated":true}]}}