{"id":1363,"date":"2021-08-16T15:16:57","date_gmt":"2021-08-16T15:16:57","guid":{"rendered":"https:\/\/neuro-mark.com\/?page_id=1363"},"modified":"2021-12-01T21:58:45","modified_gmt":"2021-12-01T21:58:45","slug":"measurement-technologies","status":"publish","type":"page","link":"https:\/\/neuro-mark.com\/en\/measurement-technologies\/","title":{"rendered":"Measurement Technologies"},"content":{"rendered":"\t\t<div data-elementor-type=\"wp-page\" data-elementor-id=\"1363\" class=\"elementor elementor-1363\" data-elementor-post-type=\"page\">\n\t\t\t\t\t\t<section class=\"elementor-section elementor-top-section elementor-element elementor-element-31b56d24 elementor-section-content-middle elementor-section-height-min-height elementor-section-boxed elementor-section-height-default elementor-section-items-middle\" data-id=\"31b56d24\" data-element_type=\"section\" data-e-type=\"section\" data-settings=\"{&quot;background_background&quot;:&quot;classic&quot;}\">\n\t\t\t\t\t\t\t<div class=\"elementor-background-overlay\"><\/div>\n\t\t\t\t\t\t\t<div class=\"elementor-container elementor-column-gap-no\">\n\t\t\t\t\t<div class=\"elementor-column elementor-col-100 elementor-top-column elementor-element elementor-element-661c0e06\" data-id=\"661c0e06\" data-element_type=\"column\" data-e-type=\"column\">\n\t\t\t<div class=\"elementor-widget-wrap elementor-element-populated\">\n\t\t\t\t\t\t<div class=\"elementor-element elementor-element-4564643c elementor-widget elementor-widget-heading\" data-id=\"4564643c\" data-element_type=\"widget\" data-e-type=\"widget\" data-widget_type=\"heading.default\">\n\t\t\t\t<div class=\"elementor-widget-container\">\n\t\t\t\t\t<h3 class=\"elementor-heading-title elementor-size-default\">Neuromark<\/h3>\t\t\t\t<\/div>\n\t\t\t\t<\/div>\n\t\t\t\t<div class=\"elementor-element elementor-element-57b45cd7 elementor-widget elementor-widget-text-editor\" data-id=\"57b45cd7\" data-element_type=\"widget\" data-e-type=\"widget\" data-widget_type=\"text-editor.default\">\n\t\t\t\t<div class=\"elementor-widget-container\">\n\t\t\t\t\t\t\t\t\t<p>EMONET &amp; ONLINE EYE TRACK\u0130NG &amp; EEG Measurement Technologies<\/p>\t\t\t\t\t\t\t\t<\/div>\n\t\t\t\t<\/div>\n\t\t\t\t\t<\/div>\n\t\t<\/div>\n\t\t\t\t\t<\/div>\n\t\t<\/section>\n\t\t\t\t<section class=\"elementor-section elementor-top-section elementor-element elementor-element-bd34f45 elementor-section-boxed elementor-section-height-default elementor-section-height-default\" data-id=\"bd34f45\" data-element_type=\"section\" data-e-type=\"section\">\n\t\t\t\t\t\t<div class=\"elementor-container elementor-column-gap-default\">\n\t\t\t\t\t<div class=\"elementor-column elementor-col-50 elementor-top-column elementor-element elementor-element-fca9250\" data-id=\"fca9250\" data-element_type=\"column\" data-e-type=\"column\">\n\t\t\t<div class=\"elementor-widget-wrap elementor-element-populated\">\n\t\t\t\t\t\t<div class=\"elementor-element elementor-element-0e734cc elementor-widget elementor-widget-image\" data-id=\"0e734cc\" data-element_type=\"widget\" data-e-type=\"widget\" data-widget_type=\"image.default\">\n\t\t\t\t<div class=\"elementor-widget-container\">\n\t\t\t\t\t\t\t\t\t\t\t\t\t\t\t<img fetchpriority=\"high\" decoding=\"async\" width=\"600\" height=\"400\" src=\"https:\/\/neuro-mark.com\/wp-content\/uploads\/2020\/10\/teknolojilerimiz_1.jpg\" class=\"attachment-full size-full wp-image-207\" alt=\"\" srcset=\"https:\/\/neuro-mark.com\/wp-content\/uploads\/2020\/10\/teknolojilerimiz_1.jpg 600w, https:\/\/neuro-mark.com\/wp-content\/uploads\/2020\/10\/teknolojilerimiz_1-350x233.jpg 350w, https:\/\/neuro-mark.com\/wp-content\/uploads\/2020\/10\/teknolojilerimiz_1-300x200.jpg 300w, https:\/\/neuro-mark.com\/wp-content\/uploads\/2020\/10\/teknolojilerimiz_1-219x146.jpg 219w, https:\/\/neuro-mark.com\/wp-content\/uploads\/2020\/10\/teknolojilerimiz_1-50x33.jpg 50w, https:\/\/neuro-mark.com\/wp-content\/uploads\/2020\/10\/teknolojilerimiz_1-113x75.jpg 113w\" sizes=\"100vw\" \/>\t\t\t\t\t\t\t\t\t\t\t\t\t\t\t<\/div>\n\t\t\t\t<\/div>\n\t\t\t\t<div class=\"elementor-element elementor-element-7123a3d elementor-widget elementor-widget-heading\" data-id=\"7123a3d\" data-element_type=\"widget\" data-e-type=\"widget\" data-widget_type=\"heading.default\">\n\t\t\t\t<div class=\"elementor-widget-container\">\n\t\t\t\t\t<h2 class=\"elementor-heading-title elementor-size-default\">Individualized Facial Emotion Detection Method<\/h2>\t\t\t\t<\/div>\n\t\t\t\t<\/div>\n\t\t\t\t<div class=\"elementor-element elementor-element-39c5308 elementor-widget elementor-widget-text-editor\" data-id=\"39c5308\" data-element_type=\"widget\" data-e-type=\"widget\" data-widget_type=\"text-editor.default\">\n\t\t\t\t<div class=\"elementor-widget-container\">\n\t\t\t\t\t\t\t\t\t<p style=\"line-height: 16.8pt; background: white; margin: 0cm 0cm 18.0pt 0cm;\"><span lang=\"EN-US\" style=\"font-size: 15.5pt; font-family: 'Arial','sans-serif';\">In the remote data collection-based method, emotions towards each visual\/verbal application are evaluated with facial expressions, individualized emotion maps are created and given with statistical scores up to 16 emotions. <\/span><\/p>\t\t\t\t\t\t\t\t<\/div>\n\t\t\t\t<\/div>\n\t\t\t\t\t<\/div>\n\t\t<\/div>\n\t\t\t\t<div class=\"elementor-column elementor-col-50 elementor-top-column elementor-element elementor-element-01f6fe4\" data-id=\"01f6fe4\" data-element_type=\"column\" data-e-type=\"column\">\n\t\t\t<div class=\"elementor-widget-wrap elementor-element-populated\">\n\t\t\t\t\t\t<div class=\"elementor-element elementor-element-6848970 elementor-widget elementor-widget-image\" data-id=\"6848970\" data-element_type=\"widget\" data-e-type=\"widget\" data-widget_type=\"image.default\">\n\t\t\t\t<div class=\"elementor-widget-container\">\n\t\t\t\t\t\t\t\t\t\t\t\t\t\t\t<img decoding=\"async\" width=\"600\" height=\"400\" src=\"https:\/\/neuro-mark.com\/wp-content\/uploads\/2020\/10\/teknolojilerimiz_2.jpg\" class=\"attachment-full size-full wp-image-209\" alt=\"\" srcset=\"https:\/\/neuro-mark.com\/wp-content\/uploads\/2020\/10\/teknolojilerimiz_2.jpg 600w, https:\/\/neuro-mark.com\/wp-content\/uploads\/2020\/10\/teknolojilerimiz_2-350x233.jpg 350w, https:\/\/neuro-mark.com\/wp-content\/uploads\/2020\/10\/teknolojilerimiz_2-300x200.jpg 300w, https:\/\/neuro-mark.com\/wp-content\/uploads\/2020\/10\/teknolojilerimiz_2-219x146.jpg 219w, https:\/\/neuro-mark.com\/wp-content\/uploads\/2020\/10\/teknolojilerimiz_2-50x33.jpg 50w, https:\/\/neuro-mark.com\/wp-content\/uploads\/2020\/10\/teknolojilerimiz_2-113x75.jpg 113w\" sizes=\"100vw\" \/>\t\t\t\t\t\t\t\t\t\t\t\t\t\t\t<\/div>\n\t\t\t\t<\/div>\n\t\t\t\t<div class=\"elementor-element elementor-element-e6b03b1 elementor-widget elementor-widget-heading\" data-id=\"e6b03b1\" data-element_type=\"widget\" data-e-type=\"widget\" data-widget_type=\"heading.default\">\n\t\t\t\t<div class=\"elementor-widget-container\">\n\t\t\t\t\t<h2 class=\"elementor-heading-title elementor-size-default\">Electroencephalogram(EEG)<\/h2>\t\t\t\t<\/div>\n\t\t\t\t<\/div>\n\t\t\t\t<div class=\"elementor-element elementor-element-4a3af78 elementor-widget elementor-widget-text-editor\" data-id=\"4a3af78\" data-element_type=\"widget\" data-e-type=\"widget\" data-widget_type=\"text-editor.default\">\n\t\t\t\t<div class=\"elementor-widget-container\">\n\t\t\t\t\t\t\t\t\t<p>Recording of neural activity in the brain via EEG by placing electrodes on the head.<\/p>\t\t\t\t\t\t\t\t<\/div>\n\t\t\t\t<\/div>\n\t\t\t\t\t<\/div>\n\t\t<\/div>\n\t\t\t\t\t<\/div>\n\t\t<\/section>\n\t\t\t\t<section class=\"elementor-section elementor-top-section elementor-element elementor-element-a4bed9c elementor-section-boxed elementor-section-height-default elementor-section-height-default\" data-id=\"a4bed9c\" data-element_type=\"section\" data-e-type=\"section\" data-settings=\"{&quot;background_background&quot;:&quot;classic&quot;}\">\n\t\t\t\t\t\t<div class=\"elementor-container elementor-column-gap-no\">\n\t\t\t\t\t<div class=\"elementor-column elementor-col-33 elementor-top-column elementor-element elementor-element-6680f39\" data-id=\"6680f39\" data-element_type=\"column\" data-e-type=\"column\">\n\t\t\t<div class=\"elementor-widget-wrap elementor-element-populated\">\n\t\t\t\t\t\t<div class=\"elementor-element elementor-element-e93bd45 elementor-widget elementor-widget-image\" data-id=\"e93bd45\" data-element_type=\"widget\" data-e-type=\"widget\" data-widget_type=\"image.default\">\n\t\t\t\t<div class=\"elementor-widget-container\">\n\t\t\t\t\t\t\t\t\t\t\t\t\t\t\t<img decoding=\"async\" width=\"525\" height=\"350\" src=\"https:\/\/neuro-mark.com\/wp-content\/uploads\/2020\/10\/teknolojilerimiz_3.jpg\" class=\"attachment-large size-large wp-image-211\" alt=\"\" srcset=\"https:\/\/neuro-mark.com\/wp-content\/uploads\/2020\/10\/teknolojilerimiz_3.jpg 600w, https:\/\/neuro-mark.com\/wp-content\/uploads\/2020\/10\/teknolojilerimiz_3-350x233.jpg 350w, https:\/\/neuro-mark.com\/wp-content\/uploads\/2020\/10\/teknolojilerimiz_3-300x200.jpg 300w, https:\/\/neuro-mark.com\/wp-content\/uploads\/2020\/10\/teknolojilerimiz_3-219x146.jpg 219w, https:\/\/neuro-mark.com\/wp-content\/uploads\/2020\/10\/teknolojilerimiz_3-50x33.jpg 50w, https:\/\/neuro-mark.com\/wp-content\/uploads\/2020\/10\/teknolojilerimiz_3-113x75.jpg 113w\" sizes=\"100vw\" \/>\t\t\t\t\t\t\t\t\t\t\t\t\t\t\t<\/div>\n\t\t\t\t<\/div>\n\t\t\t\t<div class=\"elementor-element elementor-element-d84bf4a elementor-widget elementor-widget-heading\" data-id=\"d84bf4a\" data-element_type=\"widget\" data-e-type=\"widget\" data-widget_type=\"heading.default\">\n\t\t\t\t<div class=\"elementor-widget-container\">\n\t\t\t\t\t<h2 class=\"elementor-heading-title elementor-size-default\">Mobile EEG<\/h2>\t\t\t\t<\/div>\n\t\t\t\t<\/div>\n\t\t\t\t<div class=\"elementor-element elementor-element-7be5d09 elementor-widget elementor-widget-text-editor\" data-id=\"7be5d09\" data-element_type=\"widget\" data-e-type=\"widget\" data-widget_type=\"text-editor.default\">\n\t\t\t\t<div class=\"elementor-widget-container\">\n\t\t\t\t\t\t\t\t\t<p style=\"line-height: 16.8pt; background: #EAEAEA; margin: 0cm 0cm 18.0pt 0cm;\"><span lang=\"EN-US\" style=\"font-size: 15.5pt; font-family: 'Arial','sans-serif';\">The mobile EEG device which is being used in outdoor, especially in supermarkets, stores and shopping centers.<\/span><\/p>\t\t\t\t\t\t\t\t<\/div>\n\t\t\t\t<\/div>\n\t\t\t\t\t<\/div>\n\t\t<\/div>\n\t\t\t\t<div class=\"elementor-column elementor-col-33 elementor-top-column elementor-element elementor-element-050f8f4\" data-id=\"050f8f4\" data-element_type=\"column\" data-e-type=\"column\">\n\t\t\t<div class=\"elementor-widget-wrap elementor-element-populated\">\n\t\t\t\t\t\t<div class=\"elementor-element elementor-element-7103681 elementor-widget elementor-widget-image\" data-id=\"7103681\" data-element_type=\"widget\" data-e-type=\"widget\" data-widget_type=\"image.default\">\n\t\t\t\t<div class=\"elementor-widget-container\">\n\t\t\t\t\t\t\t\t\t\t\t\t\t\t\t<img loading=\"lazy\" decoding=\"async\" width=\"525\" height=\"350\" src=\"https:\/\/neuro-mark.com\/wp-content\/uploads\/2020\/10\/teknolojilerimiz_4.jpg\" class=\"attachment-large size-large wp-image-213\" alt=\"\" srcset=\"https:\/\/neuro-mark.com\/wp-content\/uploads\/2020\/10\/teknolojilerimiz_4.jpg 600w, https:\/\/neuro-mark.com\/wp-content\/uploads\/2020\/10\/teknolojilerimiz_4-350x233.jpg 350w, https:\/\/neuro-mark.com\/wp-content\/uploads\/2020\/10\/teknolojilerimiz_4-300x200.jpg 300w, https:\/\/neuro-mark.com\/wp-content\/uploads\/2020\/10\/teknolojilerimiz_4-219x146.jpg 219w, https:\/\/neuro-mark.com\/wp-content\/uploads\/2020\/10\/teknolojilerimiz_4-50x33.jpg 50w, https:\/\/neuro-mark.com\/wp-content\/uploads\/2020\/10\/teknolojilerimiz_4-113x75.jpg 113w\" sizes=\"100vw\" \/>\t\t\t\t\t\t\t\t\t\t\t\t\t\t\t<\/div>\n\t\t\t\t<\/div>\n\t\t\t\t<div class=\"elementor-element elementor-element-409cd06 elementor-widget elementor-widget-heading\" data-id=\"409cd06\" data-element_type=\"widget\" data-e-type=\"widget\" data-widget_type=\"heading.default\">\n\t\t\t\t<div class=\"elementor-widget-container\">\n\t\t\t\t\t<h2 class=\"elementor-heading-title elementor-size-default\">Eye Tracker<\/h2>\t\t\t\t<\/div>\n\t\t\t\t<\/div>\n\t\t\t\t<div class=\"elementor-element elementor-element-8a09557 elementor-widget elementor-widget-text-editor\" data-id=\"8a09557\" data-element_type=\"widget\" data-e-type=\"widget\" data-widget_type=\"text-editor.default\">\n\t\t\t\t<div class=\"elementor-widget-container\">\n\t\t\t\t\t\t\t\t\t<p>Measuring eye movements using fixed or mobile devices.<\/p>\t\t\t\t\t\t\t\t<\/div>\n\t\t\t\t<\/div>\n\t\t\t\t\t<\/div>\n\t\t<\/div>\n\t\t\t\t<div class=\"elementor-column elementor-col-33 elementor-top-column elementor-element elementor-element-7fb5775\" data-id=\"7fb5775\" data-element_type=\"column\" data-e-type=\"column\">\n\t\t\t<div class=\"elementor-widget-wrap elementor-element-populated\">\n\t\t\t\t\t\t<div class=\"elementor-element elementor-element-3b4f0ab elementor-widget elementor-widget-image\" data-id=\"3b4f0ab\" data-element_type=\"widget\" data-e-type=\"widget\" data-widget_type=\"image.default\">\n\t\t\t\t<div class=\"elementor-widget-container\">\n\t\t\t\t\t\t\t\t\t\t\t\t\t\t\t<img loading=\"lazy\" decoding=\"async\" width=\"525\" height=\"350\" src=\"https:\/\/neuro-mark.com\/wp-content\/uploads\/2020\/10\/teknolojilerimiz_5.jpg\" class=\"attachment-large size-large wp-image-215\" alt=\"\" srcset=\"https:\/\/neuro-mark.com\/wp-content\/uploads\/2020\/10\/teknolojilerimiz_5.jpg 600w, https:\/\/neuro-mark.com\/wp-content\/uploads\/2020\/10\/teknolojilerimiz_5-350x233.jpg 350w, https:\/\/neuro-mark.com\/wp-content\/uploads\/2020\/10\/teknolojilerimiz_5-300x200.jpg 300w, https:\/\/neuro-mark.com\/wp-content\/uploads\/2020\/10\/teknolojilerimiz_5-219x146.jpg 219w, https:\/\/neuro-mark.com\/wp-content\/uploads\/2020\/10\/teknolojilerimiz_5-50x33.jpg 50w, https:\/\/neuro-mark.com\/wp-content\/uploads\/2020\/10\/teknolojilerimiz_5-113x75.jpg 113w\" sizes=\"100vw\" \/>\t\t\t\t\t\t\t\t\t\t\t\t\t\t\t<\/div>\n\t\t\t\t<\/div>\n\t\t\t\t<div class=\"elementor-element elementor-element-513c122 elementor-widget elementor-widget-heading\" data-id=\"513c122\" data-element_type=\"widget\" data-e-type=\"widget\" data-widget_type=\"heading.default\">\n\t\t\t\t<div class=\"elementor-widget-container\">\n\t\t\t\t\t<h2 class=\"elementor-heading-title elementor-size-default\">EDA (Electrodermal Activity)<\/h2>\t\t\t\t<\/div>\n\t\t\t\t<\/div>\n\t\t\t\t<div class=\"elementor-element elementor-element-eefa930 elementor-widget elementor-widget-text-editor\" data-id=\"eefa930\" data-element_type=\"widget\" data-e-type=\"widget\" data-widget_type=\"text-editor.default\">\n\t\t\t\t<div class=\"elementor-widget-container\">\n\t\t\t\t\t\t\t\t\t<p>Tracking electrodermal body activities through Galvanic Skin Resistance measurements.<\/p>\t\t\t\t\t\t\t\t<\/div>\n\t\t\t\t<\/div>\n\t\t\t\t\t<\/div>\n\t\t<\/div>\n\t\t\t\t\t<\/div>\n\t\t<\/section>\n\t\t\t\t<\/div>\n\t\t","protected":false},"excerpt":{"rendered":"<p>Neuromark EMONET &amp; ONLINE EYE TRACK\u0130NG &amp; EEG Measurement Technologies Individualized Facial Emotion Detection Method In the remote data collection-based method, emotions towards each visual\/verbal application are evaluated with facial expressions, individualized emotion maps are created and given with statistical scores up to 16 emotions. Electroencephalogram(EEG) Recording of neural activity in the brain via EEG &hellip; <\/p>\n<p class=\"link-more\"><a href=\"https:\/\/neuro-mark.com\/en\/measurement-technologies\/\" class=\"more-link\">Continue reading<span class=\"screen-reader-text\"> &#8220;Measurement Technologies&#8221;<\/span><\/a><\/p>\n","protected":false},"author":1,"featured_media":0,"parent":0,"menu_order":0,"comment_status":"closed","ping_status":"closed","template":"elementor_header_footer","meta":{"footnotes":""},"class_list":["post-1363","page","type-page","status-publish","hentry"],"yoast_head":"<!-- This site is optimized with the Yoast SEO plugin v27.4 - https:\/\/yoast.com\/product\/yoast-seo-wordpress\/ -->\n<title>Measurement Technologies - NeuroMark<\/title>\n<meta name=\"robots\" content=\"index, follow, max-snippet:-1, max-image-preview:large, max-video-preview:-1\" \/>\n<link rel=\"canonical\" href=\"https:\/\/neuro-mark.com\/en\/measurement-technologies\/\" \/>\n<meta property=\"og:locale\" content=\"en_US\" \/>\n<meta property=\"og:type\" content=\"article\" \/>\n<meta property=\"og:title\" content=\"Measurement Technologies - NeuroMark\" \/>\n<meta property=\"og:description\" content=\"Neuromark EMONET &amp; ONLINE EYE TRACK\u0130NG &amp; EEG Measurement Technologies Individualized Facial Emotion Detection Method In the remote data collection-based method, emotions towards each visual\/verbal application are evaluated with facial expressions, individualized emotion maps are created and given with statistical scores up to 16 emotions. Electroencephalogram(EEG) Recording of neural activity in the brain via EEG &hellip; Continue reading &quot;Measurement Technologies&quot;\" \/>\n<meta property=\"og:url\" content=\"https:\/\/neuro-mark.com\/en\/measurement-technologies\/\" \/>\n<meta property=\"og:site_name\" content=\"NeuroMark\" \/>\n<meta property=\"article:modified_time\" content=\"2021-12-01T21:58:45+00:00\" \/>\n<meta property=\"og:image\" content=\"https:\/\/neuro-mark.com\/wp-content\/uploads\/2020\/10\/teknolojilerimiz_1.jpg\" \/>\n<meta name=\"twitter:card\" content=\"summary_large_image\" \/>\n<meta name=\"twitter:label1\" content=\"Est. reading time\" \/>\n\t<meta name=\"twitter:data1\" content=\"2 minutes\" \/>\n<script type=\"application\/ld+json\" class=\"yoast-schema-graph\">{\"@context\":\"https:\\\/\\\/schema.org\",\"@graph\":[{\"@type\":\"WebPage\",\"@id\":\"https:\\\/\\\/neuro-mark.com\\\/en\\\/measurement-technologies\\\/\",\"url\":\"https:\\\/\\\/neuro-mark.com\\\/en\\\/measurement-technologies\\\/\",\"name\":\"Measurement Technologies - NeuroMark\",\"isPartOf\":{\"@id\":\"https:\\\/\\\/neuro-mark.com\\\/#website\"},\"primaryImageOfPage\":{\"@id\":\"https:\\\/\\\/neuro-mark.com\\\/en\\\/measurement-technologies\\\/#primaryimage\"},\"image\":{\"@id\":\"https:\\\/\\\/neuro-mark.com\\\/en\\\/measurement-technologies\\\/#primaryimage\"},\"thumbnailUrl\":\"https:\\\/\\\/neuro-mark.com\\\/wp-content\\\/uploads\\\/2020\\\/10\\\/teknolojilerimiz_1.jpg\",\"datePublished\":\"2021-08-16T15:16:57+00:00\",\"dateModified\":\"2021-12-01T21:58:45+00:00\",\"breadcrumb\":{\"@id\":\"https:\\\/\\\/neuro-mark.com\\\/en\\\/measurement-technologies\\\/#breadcrumb\"},\"inLanguage\":\"en-US\",\"potentialAction\":[{\"@type\":\"ReadAction\",\"target\":[\"https:\\\/\\\/neuro-mark.com\\\/en\\\/measurement-technologies\\\/\"]}]},{\"@type\":\"ImageObject\",\"inLanguage\":\"en-US\",\"@id\":\"https:\\\/\\\/neuro-mark.com\\\/en\\\/measurement-technologies\\\/#primaryimage\",\"url\":\"https:\\\/\\\/neuro-mark.com\\\/wp-content\\\/uploads\\\/2020\\\/10\\\/teknolojilerimiz_1.jpg\",\"contentUrl\":\"https:\\\/\\\/neuro-mark.com\\\/wp-content\\\/uploads\\\/2020\\\/10\\\/teknolojilerimiz_1.jpg\"},{\"@type\":\"BreadcrumbList\",\"@id\":\"https:\\\/\\\/neuro-mark.com\\\/en\\\/measurement-technologies\\\/#breadcrumb\",\"itemListElement\":[{\"@type\":\"ListItem\",\"position\":1,\"name\":\"Ana sayfa\",\"item\":\"https:\\\/\\\/neuro-mark.com\\\/en\\\/\"},{\"@type\":\"ListItem\",\"position\":2,\"name\":\"Measurement Technologies\"}]},{\"@type\":\"WebSite\",\"@id\":\"https:\\\/\\\/neuro-mark.com\\\/#website\",\"url\":\"https:\\\/\\\/neuro-mark.com\\\/\",\"name\":\"NeuroMark\",\"description\":\"Bilin\u00e7d\u0131\u015f\u0131 ve Duygu D\u00fcnyas\u0131na Yolculuk\",\"publisher\":{\"@id\":\"https:\\\/\\\/neuro-mark.com\\\/#organization\"},\"potentialAction\":[{\"@type\":\"SearchAction\",\"target\":{\"@type\":\"EntryPoint\",\"urlTemplate\":\"https:\\\/\\\/neuro-mark.com\\\/?s={search_term_string}\"},\"query-input\":{\"@type\":\"PropertyValueSpecification\",\"valueRequired\":true,\"valueName\":\"search_term_string\"}}],\"inLanguage\":\"en-US\"},{\"@type\":\"Organization\",\"@id\":\"https:\\\/\\\/neuro-mark.com\\\/#organization\",\"name\":\"Neuromark\",\"url\":\"https:\\\/\\\/neuro-mark.com\\\/\",\"logo\":{\"@type\":\"ImageObject\",\"inLanguage\":\"en-US\",\"@id\":\"https:\\\/\\\/neuro-mark.com\\\/#\\\/schema\\\/logo\\\/image\\\/\",\"url\":\"https:\\\/\\\/neuro-mark.com\\\/wp-content\\\/uploads\\\/2020\\\/01\\\/logo_nm1-300x100-1.png\",\"contentUrl\":\"https:\\\/\\\/neuro-mark.com\\\/wp-content\\\/uploads\\\/2020\\\/01\\\/logo_nm1-300x100-1.png\",\"width\":300,\"height\":100,\"caption\":\"Neuromark\"},\"image\":{\"@id\":\"https:\\\/\\\/neuro-mark.com\\\/#\\\/schema\\\/logo\\\/image\\\/\"},\"sameAs\":[\"https:\\\/\\\/www.instagram.com\\\/neuromark___\\\/\",\"https:\\\/\\\/www.linkedin.com\\\/company\",\"https:\\\/\\\/www.youtube.com\\\/channel\\\/UC1L9S24BMWwDKD-eG078h9w\"]}]}<\/script>\n<!-- \/ Yoast SEO plugin. -->","yoast_head_json":{"title":"Measurement Technologies - NeuroMark","robots":{"index":"index","follow":"follow","max-snippet":"max-snippet:-1","max-image-preview":"max-image-preview:large","max-video-preview":"max-video-preview:-1"},"canonical":"https:\/\/neuro-mark.com\/en\/measurement-technologies\/","og_locale":"en_US","og_type":"article","og_title":"Measurement Technologies - NeuroMark","og_description":"Neuromark EMONET &amp; ONLINE EYE TRACK\u0130NG &amp; EEG Measurement Technologies Individualized Facial Emotion Detection Method In the remote data collection-based method, emotions towards each visual\/verbal application are evaluated with facial expressions, individualized emotion maps are created and given with statistical scores up to 16 emotions. Electroencephalogram(EEG) Recording of neural activity in the brain via EEG &hellip; Continue reading \"Measurement Technologies\"","og_url":"https:\/\/neuro-mark.com\/en\/measurement-technologies\/","og_site_name":"NeuroMark","article_modified_time":"2021-12-01T21:58:45+00:00","og_image":[{"url":"https:\/\/neuro-mark.com\/wp-content\/uploads\/2020\/10\/teknolojilerimiz_1.jpg","type":"","width":"","height":""}],"twitter_card":"summary_large_image","twitter_misc":{"Est. reading time":"2 minutes"},"schema":{"@context":"https:\/\/schema.org","@graph":[{"@type":"WebPage","@id":"https:\/\/neuro-mark.com\/en\/measurement-technologies\/","url":"https:\/\/neuro-mark.com\/en\/measurement-technologies\/","name":"Measurement Technologies - NeuroMark","isPartOf":{"@id":"https:\/\/neuro-mark.com\/#website"},"primaryImageOfPage":{"@id":"https:\/\/neuro-mark.com\/en\/measurement-technologies\/#primaryimage"},"image":{"@id":"https:\/\/neuro-mark.com\/en\/measurement-technologies\/#primaryimage"},"thumbnailUrl":"https:\/\/neuro-mark.com\/wp-content\/uploads\/2020\/10\/teknolojilerimiz_1.jpg","datePublished":"2021-08-16T15:16:57+00:00","dateModified":"2021-12-01T21:58:45+00:00","breadcrumb":{"@id":"https:\/\/neuro-mark.com\/en\/measurement-technologies\/#breadcrumb"},"inLanguage":"en-US","potentialAction":[{"@type":"ReadAction","target":["https:\/\/neuro-mark.com\/en\/measurement-technologies\/"]}]},{"@type":"ImageObject","inLanguage":"en-US","@id":"https:\/\/neuro-mark.com\/en\/measurement-technologies\/#primaryimage","url":"https:\/\/neuro-mark.com\/wp-content\/uploads\/2020\/10\/teknolojilerimiz_1.jpg","contentUrl":"https:\/\/neuro-mark.com\/wp-content\/uploads\/2020\/10\/teknolojilerimiz_1.jpg"},{"@type":"BreadcrumbList","@id":"https:\/\/neuro-mark.com\/en\/measurement-technologies\/#breadcrumb","itemListElement":[{"@type":"ListItem","position":1,"name":"Ana sayfa","item":"https:\/\/neuro-mark.com\/en\/"},{"@type":"ListItem","position":2,"name":"Measurement Technologies"}]},{"@type":"WebSite","@id":"https:\/\/neuro-mark.com\/#website","url":"https:\/\/neuro-mark.com\/","name":"NeuroMark","description":"Bilin\u00e7d\u0131\u015f\u0131 ve Duygu D\u00fcnyas\u0131na Yolculuk","publisher":{"@id":"https:\/\/neuro-mark.com\/#organization"},"potentialAction":[{"@type":"SearchAction","target":{"@type":"EntryPoint","urlTemplate":"https:\/\/neuro-mark.com\/?s={search_term_string}"},"query-input":{"@type":"PropertyValueSpecification","valueRequired":true,"valueName":"search_term_string"}}],"inLanguage":"en-US"},{"@type":"Organization","@id":"https:\/\/neuro-mark.com\/#organization","name":"Neuromark","url":"https:\/\/neuro-mark.com\/","logo":{"@type":"ImageObject","inLanguage":"en-US","@id":"https:\/\/neuro-mark.com\/#\/schema\/logo\/image\/","url":"https:\/\/neuro-mark.com\/wp-content\/uploads\/2020\/01\/logo_nm1-300x100-1.png","contentUrl":"https:\/\/neuro-mark.com\/wp-content\/uploads\/2020\/01\/logo_nm1-300x100-1.png","width":300,"height":100,"caption":"Neuromark"},"image":{"@id":"https:\/\/neuro-mark.com\/#\/schema\/logo\/image\/"},"sameAs":["https:\/\/www.instagram.com\/neuromark___\/","https:\/\/www.linkedin.com\/company","https:\/\/www.youtube.com\/channel\/UC1L9S24BMWwDKD-eG078h9w"]}]}},"_links":{"self":[{"href":"https:\/\/neuro-mark.com\/en\/wp-json\/wp\/v2\/pages\/1363\/"}],"collection":[{"href":"https:\/\/neuro-mark.com\/en\/wp-json\/wp\/v2\/pages\/"}],"about":[{"href":"https:\/\/neuro-mark.com\/en\/wp-json\/wp\/v2\/types\/page\/"}],"author":[{"embeddable":true,"href":"https:\/\/neuro-mark.com\/en\/wp-json\/wp\/v2\/users\/1\/"}],"replies":[{"embeddable":true,"href":"https:\/\/neuro-mark.com\/en\/wp-json\/wp\/v2\/comments\/?post=1363"}],"version-history":[{"count":0,"href":"https:\/\/neuro-mark.com\/en\/wp-json\/wp\/v2\/pages\/1363\/revisions\/"}],"wp:attachment":[{"href":"https:\/\/neuro-mark.com\/en\/wp-json\/wp\/v2\/media\/?parent=1363"}],"curies":[{"name":"wp","href":"https:\/\/api.w.org\/{rel}","templated":true}]}}